{"id":3001,"date":"2018-04-17T12:59:50","date_gmt":"2018-04-17T12:59:50","guid":{"rendered":"http:\/\/sportssolutionsgroup.com\/pt\/?page_id=3001"},"modified":"2018-07-05T11:00:44","modified_gmt":"2018-07-05T11:00:44","slug":"politica-de-privacidade","status":"publish","type":"page","link":"https:\/\/inov4sports.com\/pt\/politica-de-privacidade\/","title":{"rendered":"Pol\u00edtica de privacidade"},"content":{"rendered":"<p>A Inov4Sports, d\u00e1 a maior import\u00e2ncia \u00e0 protec\u00e7\u00e3o dos dados que recolhe, processa e utiliza informa\u00e7\u00f5es pessoais exclusivamente no cumprimento do Regulamento Geral sobre a Prote\u00e7\u00e3o de Dados (\u00abRGPD\u00bb) e em conformidade com os princ\u00edpios descritos seguidamente. A entidade respons\u00e1vel pelo funcionamento deste website \u00e9 a Inov4Sports. Neste website meramente informativo s\u00e3o apresentadas informa\u00e7\u00f5es atuais sobre a nossa empresa e tamb\u00e9m sobre os produtos e servi\u00e7os disponibilizados. Ao navegar neste website, alguns dos seus dados podem ser por n\u00f3s armazenados em determinadas circunst\u00e2ncias:<\/p>\n<p>1. Generalidades<\/p>\n<p>1.1 &#8211; Dados pessoais s\u00e3o todas as informa\u00e7\u00f5es que se referem a uma pessoa singular ou jur\u00eddica identificada ou identific\u00e1vel. Destes fazem parte, por exemplo, o seu nome e n\u00famero de telefone, assim como o seu endere\u00e7o postal e electr\u00f3nico.<br \/>\n1.2 &#8211; N\u00e3o recolhemos, processamos ou utilizamos os seus dados pessoais quando visita o nosso website a t\u00edtulo meramente informativo.<\/p>\n<p>2. Web Analytics e cookies, social plugins<\/p>\n<p>2.1 &#8211; Quando navega no nosso website, n\u00e3o utilizamos os chamados &#8220;cookies&#8221;. Os cookies n\u00e3o cont\u00eam informa\u00e7\u00f5es que possam identificar diretamente o utilizador individual. Pode impedir a utiliza\u00e7\u00e3o de cookies nas defini\u00e7\u00f5es do seu navegador e tamb\u00e9m os pode eliminar de forma autom\u00e1tica ou manual.<br \/>\n2.2 &#8211; No nosso website utilizamos a ferramenta de an\u00e1lise de tr\u00e1fego na web \u2018Google Analytics\u2019 da Google para elaborar estat\u00edsticas an\u00f3nimas sobre os utilizadores. A \u2018Google Analytics\u2019 utiliza cookies. De modo a garantir a prote\u00e7\u00e3o dos seus dados, empregamos uma fun\u00e7\u00e3o que processa apenas o seu endere\u00e7o IP abreviado. Caso tenha reservas em rela\u00e7\u00e3o \u00e0 respetiva utiliza\u00e7\u00e3o, pode bloquear o \u2018Google Analytics\u2019, por exemplo, instalando um plug-in no seu browser.<br \/>\n2.3 &#8211; Al\u00e9m disso, o nosso website utiliza fun\u00e7\u00f5es de diversas redes sociais (&#8220;Social Plugins&#8221;):<br \/>\n2.4 &#8211; Os Social Plugins s\u00e3o bot\u00f5es no nosso website. Quando visita o nosso website, sem a sua interven\u00e7\u00e3o, estes bot\u00f5es n\u00e3o enviar\u00e3o dados para as respetivas redes sociais. Apenas se clicar em algum dos bot\u00f5es ser\u00e1 criada uma liga\u00e7\u00e3o direta com o servidor da rede social correspondente, que pode ent\u00e3o recolher dados e enviar cookies.<br \/>\n2.5 &#8211; Caso tenha sess\u00e3o aberta em alguma rede social, a sua visita a ao nosso website pode ser atribu\u00edda \u00e0 sua conta de utilizador. N\u00e3o \u00e9 poss\u00edvel uma rede social atribuir a sua visita a outros websites sem que tamb\u00e9m a\u00ed tenha ativado o respetivo bot\u00e3o.<br \/>\n2.6 &#8211; N\u00e3o temos qualquer influ\u00eancia no volume de dados recolhidos pelas redes sociais atrav\u00e9s dos respetivos bot\u00f5es. A finalidade e extens\u00e3o da recolha de dados, o posterior processamento e a utiliza\u00e7\u00e3o dos mesmos por cada uma das redes sociais, assim como os direitos relacionados e possibilidades de configura\u00e7\u00e3o para prote\u00e7\u00e3o da esfera privada, podem ser consultados nos avisos de privacidade das respetivas redes sociais.<br \/>\n2.7 &#8211; Utilizamos Social Plugins das seguintes redes sociais:<br \/>\n\u2013 Linkedin Inc.<br \/>\n\u2013 Youtube Inc.<br \/>\n\u2013 Facebook Inc.<br \/>\n\u2013 Twitter Inc.<br \/>\n\u2013 Instagram Inc.<br \/>\n2.8 &#8211; Se pertencer a alguma destas redes sociais mas n\u00e3o desejar que o prestador, atrav\u00e9s da nossa presen\u00e7a na Internet, recolha dados a seu respeito e, eventualmente, os associe a outros dados armazenados, encerre sempre a sua sess\u00e3o na rede social em causa<\/p>\n<p>3. Ced\u00eancia de dados e utiliza\u00e7\u00e3o de dados por terceiros<\/p>\n<p>3.1 &#8211; N\u00e3o cedemos os seus dados a terceiros, a menos que a isso sejamos legalmente obrigados ou tenhamos obtido o seu consentimento para tal.<br \/>\n3.2 &#8211; Para manter o nosso website, temos que disponibilizar determinados dados pessoais ao nosso prestador de hosting, Nowo, Portugal. No referido processamento de dados contratado, estes prestadores de servi\u00e7os s\u00e3o tamb\u00e9m contratualmente obrigados a processar os seus dados pessoais unicamente para as mesmas finalidades como n\u00f3s e no cumprimento das disposi\u00e7\u00f5es legais de prote\u00e7\u00e3o de dados.<br \/>\n3.3 &#8211; De modo a poder continuar a oferecer-lhe e a processar as presta\u00e7\u00f5es de servi\u00e7os desejadas, em certas circunst\u00e2ncias poder\u00e3o ser comunicados dados para o estrangeiro. Nesses casos, aplicaremos as medidas de seguran\u00e7a contratuais adequadas, para que eventuais destinat\u00e1rios no estrangeiro sejam obrigados \u00e0 mesma norma de prote\u00e7\u00e3o de dados.<\/p>\n<p>4. Informa\u00e7\u00e3o, corre\u00e7\u00e3o, elimina\u00e7\u00e3o e contacto<\/p>\n<p>Em qualquer altura pode pedir informa\u00e7\u00e3o sobre os dados armazenados junto dos contactos indicados seguidamente. Tamb\u00e9m pode pedir a elimina\u00e7\u00e3o, corre\u00e7\u00e3o, oposi\u00e7\u00e3o e portabilidade dos seus dados. No caso de elimina\u00e7\u00e3o de dados &#8220;Direito a ser Esquecido&#8221;, os dados ser\u00e3o imediatamente eliminados ou bloqueados, a menos que existam obriga\u00e7\u00f5es legais de reten\u00e7\u00e3o da nossa parte ou das entidades oficiais sejam fiscais ou judicais; nestes casos, os dados s\u00e3o guardados mas deixam de ser processados at\u00e9 que expire tal obriga\u00e7\u00e3o de reten\u00e7\u00e3o.<\/p>\n<p>5. Medidas de seguran\u00e7a inform\u00e1tica<\/p>\n<p>A Inov4Sports adotou os n\u00edveis de seguran\u00e7a de prote\u00e7\u00e3o dos Dados Pessoais legalmente exigidos pelo RGPD \u2013 Regulamento Geral de Protec\u00e7\u00e3o de Dados. Todavia, dispomos de outros meios adicionais, al\u00e9m de medidas t\u00e9cnicas como software de seguran\u00e7a e controlo de acesso \u00e0 informa\u00e7\u00e3o de car\u00e1ter pessoal, utilizadores restritos, pol\u00edticas de seguran\u00e7a, utilizadores e palavras-passe que expiram conforme exigido no RGPD, e outros sistemas destinados a evitar o mau uso, altera\u00e7\u00e3o, acesso n\u00e3o autorizado e roubo dos Dados Pessoais disponibilizados \u00e0 Inov4Sports.<br \/>\nA Inov4Sports n\u00e3o ser\u00e1 respons\u00e1vel pelos poss\u00edveis danos ou preju\u00edzos que possam resultar de interfer\u00eancias, omiss\u00f5es, interrup\u00e7\u00f5es, v\u00edrus inform\u00e1ticos, avarias telef\u00f3nicas ou falhas no funcionamento operativo de sistemas eletr\u00f3nicos, motivadas por causas alheias \u00e0 empresa; de atrasos ou bloqueios causados por defici\u00eancias ou sobrecargas de linhas telef\u00f3nicas ou sobrecargas no sistema de Internet ou em outros sistemas eletr\u00f3nicos, assim como de danos que possam ser causados por terceiros atrav\u00e9s de intromiss\u00f5es ileg\u00edtimas fora do controlo da Sports Solutions Group.<\/p>\n<p>Qualquer quebra de seguran\u00e7a \u201cData Breach\u201d que venha a ser detectado pela Inov4Sports e que coloque em causa dados pessoais armazenados na nossa base de dados, ser\u00e1 comunicado em 72 Horas directamente \u00e0 CNPD \u2013 Comiss\u00e3o Nacional de Protec\u00e7\u00e3o de dados e aos sujeitos \u201cData Subjects\u201d devidamente identificados nas nossas bases de dados que sejam considerados dados pessoais.<\/p>\n<p>6. Contacto<\/p>\n<p>Estamos inteiramente \u00e0 sua disposi\u00e7\u00e3o para esclarecimento de quest\u00f5es sobre a prote\u00e7\u00e3o e o processamento dos dados ou pedidos de informa\u00e7\u00f5es. N\u00e3o hesite em contactar-nos atrav\u00e9s de: info@inov4sports.com .<\/p>\n<p>7. Altera\u00e7\u00f5es<\/p>\n<p>Reservamo-nos o direito de modificar esta declara\u00e7\u00e3o de privacidade. Tais altera\u00e7\u00f5es ser\u00e3o divulgadas neste website.<\/p>\n","protected":false},"excerpt":{"rendered":"<p>A Inov4Sports, d\u00e1 a maior import\u00e2ncia \u00e0 protec\u00e7\u00e3o dos dados que recolhe, processa e utiliza informa\u00e7\u00f5es pessoais exclusivamente no cumprimento do Regulamento Geral sobre a Prote\u00e7\u00e3o de Dados (\u00abRGPD\u00bb) e em conformidade com os princ\u00edpios descritos seguidamente. A entidade respons\u00e1vel pelo funcionamento deste website \u00e9 a Inov4Sports. Neste website meramente informativo s\u00e3o apresentadas informa\u00e7\u00f5es atuais..<\/p>\n","protected":false},"author":1,"featured_media":0,"parent":0,"menu_order":0,"comment_status":"closed","ping_status":"closed","template":"elementor_canvas","meta":{"_eb_attr":"","_monsterinsights_skip_tracking":false,"_monsterinsights_sitenote_active":false,"_monsterinsights_sitenote_note":"","_monsterinsights_sitenote_category":0,"footnotes":""},"class_list":["post-3001","page","type-page","status-publish","hentry"],"_links":{"self":[{"href":"https:\/\/inov4sports.com\/pt\/wp-json\/wp\/v2\/pages\/3001","targetHints":{"allow":["GET"]}}],"collection":[{"href":"https:\/\/inov4sports.com\/pt\/wp-json\/wp\/v2\/pages"}],"about":[{"href":"https:\/\/inov4sports.com\/pt\/wp-json\/wp\/v2\/types\/page"}],"author":[{"embeddable":true,"href":"https:\/\/inov4sports.com\/pt\/wp-json\/wp\/v2\/users\/1"}],"replies":[{"embeddable":true,"href":"https:\/\/inov4sports.com\/pt\/wp-json\/wp\/v2\/comments?post=3001"}],"version-history":[{"count":3,"href":"https:\/\/inov4sports.com\/pt\/wp-json\/wp\/v2\/pages\/3001\/revisions"}],"predecessor-version":[{"id":5909,"href":"https:\/\/inov4sports.com\/pt\/wp-json\/wp\/v2\/pages\/3001\/revisions\/5909"}],"wp:attachment":[{"href":"https:\/\/inov4sports.com\/pt\/wp-json\/wp\/v2\/media?parent=3001"}],"curies":[{"name":"wp","href":"https:\/\/api.w.org\/{rel}","templated":true}]}}