{"id":12253,"date":"2025-05-07T15:05:31","date_gmt":"2025-05-07T15:05:31","guid":{"rendered":"https:\/\/inov4sports.com\/pt\/?page_id=12253"},"modified":"2025-06-12T09:07:15","modified_gmt":"2025-06-12T09:07:15","slug":"modular-de-madeira","status":"publish","type":"page","link":"https:\/\/inov4sports.com\/pt\/pavimentos-modulares\/modular-de-madeira\/","title":{"rendered":"Modular de Madeira"},"content":{"rendered":"<div class=\"wpb-content-wrapper\">[vc_row enable_container=&#8221;st2&#8243; sec_padding_top=&#8221;0&#8243; sec_padding_bottom=&#8221;0&#8243; enabletitle=&#8221;st2&#8243; nastik_sec_title=&#8221;Top Performance Plus \u2014 A Escolha dos Melhores&#8221; nastik_sec_number=&#8221;01&#8243; nastik_sec_dectiption=&#8221;O Top Performance Plus \u00e9 o pavimento modular de madeira da Inov4sports criado para responder \u00e0s exig\u00eancias do desporto de alto rendimento. \u00c9 a solu\u00e7\u00e3o preferida pelas principais Federa\u00e7\u00f5es Nacionais e Internacionais \u2014 como a UEFA e a FIFA \u2014 para as suas competi\u00e7\u00f5es mais importantes. Desenvolvido e fabricado em Portugal, combina a performance da madeira maci\u00e7a com a flexibilidade de um sistema modular patenteado. \u00c9 f\u00e1cil de instalar, vers\u00e1til, altamente resistente e pensado para proporcionar o m\u00e1ximo conforto e desempenho em qualquer tipo de pavilh\u00e3o&#8221; enableseparator=&#8221;st2&#8243;][vc_column width=&#8221;1\/2&#8243;]<div class=\"team-box\"><div class=\"team-photo\"><div class=\"overlay\"><\/div><img decoding=\"async\" src=\"https:\/\/inov4sports.com\/pt\/wp-content\/uploads\/2025\/03\/WhatsApp-Image-2025-03-24-at-10.31.18-1-604x400.jpeg\" alt=\"O Pavimento Desportivo usado no Alto Rendimento\" class=\"respimg\"><a href=\"mailto:admin@yourdomain.com\" class=\"team-contact_btn color-bg\"><i class=\"fal fa-envelope\"><\/i><\/a><\/div><div class=\"team-info\"><h3><a href=\"#\">O Pavimento Desportivo usado no Alto Rendimento<\/a><\/h3><h4>A escolha dos palcos mais importantes do desporto mundial<\/h4><p>Os pavimentos modulares de madeira s\u00e3o a refer\u00eancia incontorn\u00e1vel para o desporto profissional. S\u00e3o utilizados nas competi\u00e7\u00f5es de topo da UEFA, FIFA, Federa\u00e7\u00e3o Portuguesa de Futebol, entre outras entidades de renome. O Top Performance Plus \u00e9 a escolha dos melhores porque oferece o mais alto n\u00edvel de conforto, seguran\u00e7a, resposta biomec\u00e2nica e desempenho t\u00e9cnico \u2014 caracter\u00edsticas fundamentais para atletas de elite. Mais do que um pavimento, \u00e9 o standard de excel\u00eancia para o alto rendimento  <\/p><\/div><ul class=\"team-social\"><li><a href=\"#\" target=\"_blank\" rel=\"noopener noreferrer\"><i class=\"fab fa-facebook-f\"><\/i><\/a><\/li><li><a href=\"#\" target=\"_blank\" rel=\"noopener noreferrer\"><i class=\"fab fa-instagram\"><\/i><\/a><\/li><li><a href=\"#\" target=\"_blank\" rel=\"noopener noreferrer\"><i class=\"fab fa-x-twitter\"><\/i><\/a><\/li><li><a href=\"#\" target=\"_blank\" rel=\"noopener noreferrer\"><i class=\"fab fa-vk\"><\/i><\/a><\/li><\/ul><\/div><div class=\"team-box\"><div class=\"team-photo\"><div class=\"overlay\"><\/div><img decoding=\"async\" src=\"https:\/\/inov4sports.com\/pt\/wp-content\/uploads\/2025\/04\/53680596744_681464c996_c-604x400.jpg\" alt=\"Melhor Comportamento Din\u00e2mico\" class=\"respimg\"><a href=\"mailto:admin@yourdomain.com\" class=\"team-contact_btn color-bg\"><i class=\"fal fa-envelope\"><\/i><\/a><\/div><div class=\"team-info\"><h3><a href=\"#\">Melhor Comportamento Din\u00e2mico<\/a><\/h3><h4>Estabilidade, conforto e seguran\u00e7a em qualquer condi\u00e7\u00e3o<\/h4><p>Ao contr\u00e1rio dos pavimentos \u201cin-situ\u201d, o sistema modular permite uma rea\u00e7\u00e3o mais eficiente \u00e0s varia\u00e7\u00f5es de temperatura e humidade, mantendo a estabilidade dimensional e a integridade da superf\u00edcie. Os encaixes especiais com folgas milim\u00e9tricas e o sistema de absor\u00e7\u00e3o biomec\u00e2nica lateral reduzem o risco de les\u00f5es e garantem uma experi\u00eancia de jogo consistente, fluida e confort\u00e1vel para atletas de todos os n\u00edveis  <\/p><\/div><ul class=\"team-social\"><li><a href=\"#\" target=\"_blank\" rel=\"noopener noreferrer\"><i class=\"fab fa-facebook-f\"><\/i><\/a><\/li><li><a href=\"#\" target=\"_blank\" rel=\"noopener noreferrer\"><i class=\"fab fa-instagram\"><\/i><\/a><\/li><li><a href=\"#\" target=\"_blank\" rel=\"noopener noreferrer\"><i class=\"fab fa-x-twitter\"><\/i><\/a><\/li><li><a href=\"#\" target=\"_blank\" rel=\"noopener noreferrer\"><i class=\"fab fa-vk\"><\/i><\/a><\/li><\/ul><\/div>[\/vc_column][vc_column width=&#8221;1\/2&#8243;]<div class=\"team-box\"><div class=\"team-photo\"><div class=\"overlay\"><\/div><img decoding=\"async\" src=\"https:\/\/inov4sports.com\/pt\/wp-content\/uploads\/2021\/09\/bff-antes-2.png\" alt=\"Operacionalidade e Rentabilidade do seu Espa\u00e7o\" class=\"respimg\"><a href=\"mailto:admin@yourdomain.com\" class=\"team-contact_btn color-bg\"><i class=\"fal fa-envelope\"><\/i><\/a><\/div><div class=\"team-info\"><h3><a href=\"#\">Operacionalidade e Rentabilidade do seu Espa\u00e7o<\/a><\/h3><h4>Montagem f\u00e1cil, utiliza\u00e7\u00e3o inteligente, investimento protegido<\/h4><p>Gra\u00e7as ao seu sistema modular, o Top Performance Plus pode ser instalado e desmontado de forma r\u00e1pida e segura, sem comprometer a performance nem a durabilidade. Isto permite que o espa\u00e7o seja rentabilizado tamb\u00e9m para eventos n\u00e3o desportivos, protegendo o pavimento e o investimento. Al\u00e9m disso, se for necess\u00e1rio mudar de local, o pavimento pode ser transportado e reinstalado com facilidade, mantendo todas as suas qualidades intactas  <\/p><\/div><ul class=\"team-social\"><li><a href=\"#\" target=\"_blank\" rel=\"noopener noreferrer\"><i class=\"fab fa-facebook-f\"><\/i><\/a><\/li><li><a href=\"#\" target=\"_blank\" rel=\"noopener noreferrer\"><i class=\"fab fa-instagram\"><\/i><\/a><\/li><li><a href=\"#\" target=\"_blank\" rel=\"noopener noreferrer\"><i class=\"fab fa-x-twitter\"><\/i><\/a><\/li><li><a href=\"#\" target=\"_blank\" rel=\"noopener noreferrer\"><i class=\"fab fa-vk\"><\/i><\/a><\/li><\/ul><\/div><div class=\"team-box\"><div class=\"team-photo\"><div class=\"overlay\"><\/div><img decoding=\"async\" src=\"https:\/\/inov4sports.com\/pt\/wp-content\/uploads\/2025\/05\/i4sDSC06585-604x400.jpg\" alt=\"Sistema Patenteado Inov4sports\" class=\"respimg\"><a href=\"mailto:admin@yourdomain.com\" class=\"team-contact_btn color-bg\"><i class=\"fal fa-envelope\"><\/i><\/a><\/div><div class=\"team-info\"><h3><a href=\"#\">Sistema Patenteado Inov4sports<\/a><\/h3><h4>A tecnologia escolhida pelas maiores Federa\u00e7\u00f5es do mundo<\/h4><p>O Top Performance Plus utiliza um sistema exclusivo, desenvolvido e patenteado pela Inov4sports \u2014 o mesmo utilizado em pavimentos selecionados pela UEFA e FIFA para as suas competi\u00e7\u00f5es de refer\u00eancia. Esta patente n\u00e3o s\u00f3 garante a fiabilidade e qualidade do sistema, como representa um selo de confian\u00e7a e reconhecimento internacional. Um pavimento criado com know-how portugu\u00eas, que coloca o desporto nacional ao n\u00edvel do melhor que se faz no mundo  <\/p><\/div><ul class=\"team-social\"><li><a href=\"#\" target=\"_blank\" rel=\"noopener noreferrer\"><i class=\"fab fa-facebook-f\"><\/i><\/a><\/li><li><a href=\"#\" target=\"_blank\" rel=\"noopener noreferrer\"><i class=\"fab fa-instagram\"><\/i><\/a><\/li><li><a href=\"#\" target=\"_blank\" rel=\"noopener noreferrer\"><i class=\"fab fa-x-twitter\"><\/i><\/a><\/li><li><a href=\"#\" target=\"_blank\" rel=\"noopener noreferrer\"><i class=\"fab fa-vk\"><\/i><\/a><\/li><\/ul><\/div>[\/vc_column][\/vc_row][vc_row][vc_column][vc_masonry_media_grid css=&#8221;&#8221; grid_id=&#8221;vc_gid:1747729408665-0f45ec93-bf80-1&#8243; include=&#8221;12469,12388,12495,12193,12184,12196,12195,12448,12483,12493,12110,12477,12458,12489,12436,12441,12473,12464,12481,12496,12466,12077,12491,12494&#8243;][\/vc_column][\/vc_row]\n<\/div>","protected":false},"excerpt":{"rendered":"<p>[vc_row enable_container=&#8221;st2&#8243; sec_padding_top=&#8221;0&#8243; sec_padding_bottom=&#8221;0&#8243; enabletitle=&#8221;st2&#8243; nastik_sec_title=&#8221;Top Performance Plus \u2014 A Escolha dos Melhores&#8221; nastik_sec_number=&#8221;01&#8243; nastik_sec_dectiption=&#8221;O Top Performance Plus \u00e9 o pavimento modular de madeira da Inov4sports criado para responder \u00e0s exig\u00eancias do desporto de alto rendimento. \u00c9 a solu\u00e7\u00e3o preferida pelas principais Federa\u00e7\u00f5es Nacionais e Internacionais \u2014 como a UEFA e a FIFA \u2014 para..<\/p>\n","protected":false},"author":1,"featured_media":12108,"parent":12133,"menu_order":0,"comment_status":"closed","ping_status":"closed","template":"","meta":{"_eb_attr":"","_monsterinsights_skip_tracking":false,"_monsterinsights_sitenote_active":false,"_monsterinsights_sitenote_note":"","_monsterinsights_sitenote_category":0,"footnotes":""},"class_list":["post-12253","page","type-page","status-publish","has-post-thumbnail","hentry"],"_links":{"self":[{"href":"https:\/\/inov4sports.com\/pt\/wp-json\/wp\/v2\/pages\/12253","targetHints":{"allow":["GET"]}}],"collection":[{"href":"https:\/\/inov4sports.com\/pt\/wp-json\/wp\/v2\/pages"}],"about":[{"href":"https:\/\/inov4sports.com\/pt\/wp-json\/wp\/v2\/types\/page"}],"author":[{"embeddable":true,"href":"https:\/\/inov4sports.com\/pt\/wp-json\/wp\/v2\/users\/1"}],"replies":[{"embeddable":true,"href":"https:\/\/inov4sports.com\/pt\/wp-json\/wp\/v2\/comments?post=12253"}],"version-history":[{"count":8,"href":"https:\/\/inov4sports.com\/pt\/wp-json\/wp\/v2\/pages\/12253\/revisions"}],"predecessor-version":[{"id":12498,"href":"https:\/\/inov4sports.com\/pt\/wp-json\/wp\/v2\/pages\/12253\/revisions\/12498"}],"up":[{"embeddable":true,"href":"https:\/\/inov4sports.com\/pt\/wp-json\/wp\/v2\/pages\/12133"}],"wp:featuredmedia":[{"embeddable":true,"href":"https:\/\/inov4sports.com\/pt\/wp-json\/wp\/v2\/media\/12108"}],"wp:attachment":[{"href":"https:\/\/inov4sports.com\/pt\/wp-json\/wp\/v2\/media?parent=12253"}],"curies":[{"name":"wp","href":"https:\/\/api.w.org\/{rel}","templated":true}]}}