{"id":12252,"date":"2025-04-16T14:44:33","date_gmt":"2025-04-16T14:44:33","guid":{"rendered":"https:\/\/inov4sports.com\/pt\/?page_id=12252"},"modified":"2025-04-23T15:25:59","modified_gmt":"2025-04-23T15:25:59","slug":"ping-pong-park","status":"publish","type":"page","link":"https:\/\/inov4sports.com\/pt\/familia-wall4sports\/ping-pong-park\/","title":{"rendered":"Ping Pong Park"},"content":{"rendered":"<div class=\"wpb-content-wrapper\">[vc_row enable_container=&#8221;st2&#8243; sec_padding_top=&#8221;0&#8243; sec_padding_bottom=&#8221;0&#8243; enabletitle=&#8221;st2&#8243; nastik_sec_title=&#8221;Ping Pong Parks \u2014 Desporto e Design Urbano&#8221; nastik_sec_number=&#8221;01&#8243; nastik_sec_dectiption=&#8221;Os Ping Pong Parks nasceram da vontade de promover a pr\u00e1tica desportiva ao ar livre, tornando o t\u00e9nis de mesa acess\u00edvel, atrativo e poss\u00edvel em qualquer condi\u00e7\u00e3o. Estes espa\u00e7os combinam funcionalidade, inova\u00e7\u00e3o e um forte impacto visual no cen\u00e1rio urbano. Mais do que desporto \u2014 uma nova forma de viver a cidade.&#8221; enableseparator=&#8221;st2&#8243;][vc_column width=&#8221;1\/2&#8243;]<div class=\"team-box\"><div class=\"team-photo\"><div class=\"overlay\"><\/div><img decoding=\"async\" src=\"https:\/\/inov4sports.com\/pt\/wp-content\/uploads\/2025\/04\/6-1-1-604x400.jpg\" alt=\"O Problema - O vento \u00e9 um agente inibidor da boa pr\u00e1tica do T\u00e9nis de mesa Outdoor\" class=\"respimg\"><a href=\"mailto:admin@yourdomain.com\" class=\"team-contact_btn color-bg\"><i class=\"fal fa-envelope\"><\/i><\/a><\/div><div class=\"team-info\"><h3><a href=\"#\">O Problema - O vento \u00e9 um agente inibidor da boa pr\u00e1tica do T\u00e9nis de mesa Outdoor<\/a><\/h3><h4>Leve o T\u00e9nis de Mesa para o Exterior \u2014 Sem Compromissos<\/h4><p>O vento j\u00e1 n\u00e3o \u00e9 obst\u00e1culo! A Inov4sports, em colabora\u00e7\u00e3o com a Federa\u00e7\u00e3o Portuguesa de T\u00e9nis de Mesa, criou uma solu\u00e7\u00e3o exclusiva para jogar t\u00e9nis de mesa ao ar livre com total conforto. Estrutura em alum\u00ednio e vidro perimetral, design inovador e contempor\u00e2neo \u2014 tudo pensado para oferecer a melhor experi\u00eancia outdoor, em qualquer ambiente.  <\/p><\/div><ul class=\"team-social\"><li><a href=\"#\" target=\"_blank\" rel=\"noopener noreferrer\"><i class=\"fab fa-facebook-f\"><\/i><\/a><\/li><li><a href=\"#\" target=\"_blank\" rel=\"noopener noreferrer\"><i class=\"fab fa-instagram\"><\/i><\/a><\/li><li><a href=\"#\" target=\"_blank\" rel=\"noopener noreferrer\"><i class=\"fab fa-x-twitter\"><\/i><\/a><\/li><li><a href=\"#\" target=\"_blank\" rel=\"noopener noreferrer\"><i class=\"fab fa-vk\"><\/i><\/a><\/li><\/ul><\/div><div class=\"team-box\"><div class=\"team-photo\"><div class=\"overlay\"><\/div><img decoding=\"async\" src=\"https:\/\/inov4sports.com\/pt\/wp-content\/uploads\/2025\/04\/WhatsApp-Image-2022-01-09-at-19.30.04-1-604x400.jpeg\" alt=\"As Mesas, o palco da a\u00e7\u00e3o\" class=\"respimg\"><a href=\"mailto:admin@yourdomain.com\" class=\"team-contact_btn color-bg\"><i class=\"fal fa-envelope\"><\/i><\/a><\/div><div class=\"team-info\"><h3><a href=\"#\">As Mesas, o palco da a\u00e7\u00e3o<\/a><\/h3><h4>Mesas Profissionais, Fora de Portas<\/h4><p>As mesas de t\u00e9nis de mesa integradas nos nossos Ping Pong Parks foram desenvolvidas em parceria com a Federa\u00e7\u00e3o Portuguesa de T\u00e9nis de Mesa. Pensadas para responder aos mais altos padr\u00f5es de jogo, combinam robustez, design e performance \u2014 tudo adaptado ao ambiente outdoor  <\/p><\/div><ul class=\"team-social\"><li><a href=\"#\" target=\"_blank\" rel=\"noopener noreferrer\"><i class=\"fab fa-facebook-f\"><\/i><\/a><\/li><li><a href=\"#\" target=\"_blank\" rel=\"noopener noreferrer\"><i class=\"fab fa-instagram\"><\/i><\/a><\/li><li><a href=\"#\" target=\"_blank\" rel=\"noopener noreferrer\"><i class=\"fab fa-x-twitter\"><\/i><\/a><\/li><li><a href=\"#\" target=\"_blank\" rel=\"noopener noreferrer\"><i class=\"fab fa-vk\"><\/i><\/a><\/li><\/ul><\/div>[\/vc_column][vc_column width=&#8221;1\/2&#8243;]<div class=\"team-box\"><div class=\"team-photo\"><div class=\"overlay\"><\/div><img decoding=\"async\" src=\"https:\/\/inov4sports.com\/pt\/wp-content\/uploads\/2025\/04\/7-1-1-604x400.jpg\" alt=\"Os Materiais\" class=\"respimg\"><a href=\"mailto:admin@yourdomain.com\" class=\"team-contact_btn color-bg\"><i class=\"fal fa-envelope\"><\/i><\/a><\/div><div class=\"team-info\"><h3><a href=\"#\">Os Materiais<\/a><\/h3><h4>Durabilidade que se V\u00ea e Sente<\/h4><p>A estrutura em alum\u00ednio da nossa solu\u00e7\u00e3o outdoor garante m\u00e1xima resist\u00eancia aos elementos. Com 15 anos de garantia anti corros\u00e3o, \u00e9 pensada para durar, mesmo nos ambientes mais exigentes. Qualidade, confian\u00e7a e inova\u00e7\u00e3o \u2014 tudo num s\u00f3 produto.<\/p>\n  <\/p><\/div><ul class=\"team-social\"><li><a href=\"#\" target=\"_blank\" rel=\"noopener noreferrer\"><i class=\"fab fa-facebook-f\"><\/i><\/a><\/li><li><a href=\"#\" target=\"_blank\" rel=\"noopener noreferrer\"><i class=\"fab fa-instagram\"><\/i><\/a><\/li><li><a href=\"#\" target=\"_blank\" rel=\"noopener noreferrer\"><i class=\"fab fa-x-twitter\"><\/i><\/a><\/li><li><a href=\"#\" target=\"_blank\" rel=\"noopener noreferrer\"><i class=\"fab fa-vk\"><\/i><\/a><\/li><\/ul><\/div><div class=\"team-box\"><div class=\"team-photo\"><div class=\"overlay\"><\/div><img decoding=\"async\" src=\"https:\/\/inov4sports.com\/pt\/wp-content\/uploads\/2025\/04\/ppp10-604x400.jpg\" alt=\"O Espa\u00e7o perfeito\" class=\"respimg\"><a href=\"mailto:admin@yourdomain.com\" class=\"team-contact_btn color-bg\"><i class=\"fal fa-envelope\"><\/i><\/a><\/div><div class=\"team-info\"><h3><a href=\"#\">O Espa\u00e7o perfeito<\/a><\/h3><h4>Tecnologia, Estilo e Visibilidade<\/h4><p>Cada Ping Pong Park \u00e9 equipado com pavimentos de \u00faltima gera\u00e7\u00e3o, ilumina\u00e7\u00e3o LED funcional e elementos decorativos luminosos que transformam o espa\u00e7o numa pe\u00e7a ic\u00f3nica do ambiente urbano. Um ponto de encontro moderno, atrativo e pensado ao detalhe.  <\/p><\/div><ul class=\"team-social\"><li><a href=\"#\" target=\"_blank\" rel=\"noopener noreferrer\"><i class=\"fab fa-facebook-f\"><\/i><\/a><\/li><li><a href=\"#\" target=\"_blank\" rel=\"noopener noreferrer\"><i class=\"fab fa-instagram\"><\/i><\/a><\/li><li><a href=\"#\" target=\"_blank\" rel=\"noopener noreferrer\"><i class=\"fab fa-x-twitter\"><\/i><\/a><\/li><li><a href=\"#\" target=\"_blank\" rel=\"noopener noreferrer\"><i class=\"fab fa-vk\"><\/i><\/a><\/li><\/ul><\/div>[\/vc_column][\/vc_row]\n<\/div>","protected":false},"excerpt":{"rendered":"<p>[vc_row enable_container=&#8221;st2&#8243; sec_padding_top=&#8221;0&#8243; sec_padding_bottom=&#8221;0&#8243; enabletitle=&#8221;st2&#8243; nastik_sec_title=&#8221;Ping Pong Parks \u2014 Desporto e Design Urbano&#8221; nastik_sec_number=&#8221;01&#8243; nastik_sec_dectiption=&#8221;Os Ping Pong Parks nasceram da vontade de promover a pr\u00e1tica desportiva ao ar livre, tornando o t\u00e9nis de mesa acess\u00edvel, atrativo e poss\u00edvel em qualquer condi\u00e7\u00e3o. Estes espa\u00e7os combinam funcionalidade, inova\u00e7\u00e3o e um forte impacto visual no cen\u00e1rio urbano. Mais..<\/p>\n","protected":false},"author":1,"featured_media":12260,"parent":12142,"menu_order":0,"comment_status":"closed","ping_status":"closed","template":"","meta":{"_eb_attr":"","_monsterinsights_skip_tracking":false,"_monsterinsights_sitenote_active":false,"_monsterinsights_sitenote_note":"","_monsterinsights_sitenote_category":0,"footnotes":""},"class_list":["post-12252","page","type-page","status-publish","has-post-thumbnail","hentry"],"_links":{"self":[{"href":"https:\/\/inov4sports.com\/pt\/wp-json\/wp\/v2\/pages\/12252","targetHints":{"allow":["GET"]}}],"collection":[{"href":"https:\/\/inov4sports.com\/pt\/wp-json\/wp\/v2\/pages"}],"about":[{"href":"https:\/\/inov4sports.com\/pt\/wp-json\/wp\/v2\/types\/page"}],"author":[{"embeddable":true,"href":"https:\/\/inov4sports.com\/pt\/wp-json\/wp\/v2\/users\/1"}],"replies":[{"embeddable":true,"href":"https:\/\/inov4sports.com\/pt\/wp-json\/wp\/v2\/comments?post=12252"}],"version-history":[{"count":15,"href":"https:\/\/inov4sports.com\/pt\/wp-json\/wp\/v2\/pages\/12252\/revisions"}],"predecessor-version":[{"id":12299,"href":"https:\/\/inov4sports.com\/pt\/wp-json\/wp\/v2\/pages\/12252\/revisions\/12299"}],"up":[{"embeddable":true,"href":"https:\/\/inov4sports.com\/pt\/wp-json\/wp\/v2\/pages\/12142"}],"wp:featuredmedia":[{"embeddable":true,"href":"https:\/\/inov4sports.com\/pt\/wp-json\/wp\/v2\/media\/12260"}],"wp:attachment":[{"href":"https:\/\/inov4sports.com\/pt\/wp-json\/wp\/v2\/media?parent=12252"}],"curies":[{"name":"wp","href":"https:\/\/api.w.org\/{rel}","templated":true}]}}