{"id":12248,"date":"2025-04-16T14:43:19","date_gmt":"2025-04-16T14:43:19","guid":{"rendered":"https:\/\/inov4sports.com\/pt\/?page_id=12248"},"modified":"2025-04-23T15:57:21","modified_gmt":"2025-04-23T15:57:21","slug":"sports-village","status":"publish","type":"page","link":"https:\/\/inov4sports.com\/pt\/familia-wall4sports\/sports-village\/","title":{"rendered":"Sports Village"},"content":{"rendered":"<div class=\"wpb-content-wrapper\">[vc_row enable_container=&#8221;st2&#8243; sec_padding_top=&#8221;0&#8243; sec_padding_bottom=&#8221;0&#8243; enabletitle=&#8221;st2&#8243; nastik_sec_title=&#8221;Sports Village \u2014 Reimaginar o Espa\u00e7o Desportivo Urbano&#8221; nastik_sec_number=&#8221;01&#8243; nastik_sec_dectiption=&#8221;O Sports Village \u00e9 a vis\u00e3o da Inov4sports para uma nova gera\u00e7\u00e3o de espa\u00e7os desportivos ao ar livre. Mais do que infraestruturas, s\u00e3o ambientes vivos, pensados para integrar diferentes modalidades, promover o bem-estar e valorizar o espa\u00e7o p\u00fablico com solu\u00e7\u00f5es inovadoras, sustent\u00e1veis e adaptadas a cada comunidade. Onde o design se cruza com a fun\u00e7\u00e3o e o desporto se transforma num estilo de vida acess\u00edvel, inclusivo e irresist\u00edvel.&#8221; enableseparator=&#8221;st2&#8243;][vc_column width=&#8221;1\/2&#8243;]<div class=\"team-box\"><div class=\"team-photo\"><div class=\"overlay\"><\/div><img decoding=\"async\" src=\"https:\/\/inov4sports.com\/pt\/wp-content\/uploads\/2021\/09\/59627606_289837155280612_5240942119345979392_n.jpg\" alt=\"Multi-Oferta Desportiva\" class=\"respimg\"><a href=\"mailto:admin@yourdomain.com\" class=\"team-contact_btn color-bg\"><i class=\"fal fa-envelope\"><\/i><\/a><\/div><div class=\"team-info\"><h3><a href=\"#\">Multi-Oferta Desportiva<\/a><\/h3><h4>Espa\u00e7os para todos, modalidades para cada um<\/h4><p>O conceito Sports Village da Inov4sports adapta-se a cada comunidade, oferecendo um leque diversificado de modalidades ajustado ao perfil demogr\u00e1fico local. Desde campos de jogo multifuncionais at\u00e9 zonas de treino especializado, tudo \u00e9 pensado para promover a pr\u00e1tica regular e inclusiva de atividade f\u00edsica.  <\/p><\/div><ul class=\"team-social\"><li><a href=\"#\" target=\"_blank\" rel=\"noopener noreferrer\"><i class=\"fab fa-facebook-f\"><\/i><\/a><\/li><li><a href=\"#\" target=\"_blank\" rel=\"noopener noreferrer\"><i class=\"fab fa-instagram\"><\/i><\/a><\/li><li><a href=\"#\" target=\"_blank\" rel=\"noopener noreferrer\"><i class=\"fab fa-x-twitter\"><\/i><\/a><\/li><li><a href=\"#\" target=\"_blank\" rel=\"noopener noreferrer\"><i class=\"fab fa-vk\"><\/i><\/a><\/li><\/ul><\/div><div class=\"team-box\"><div class=\"team-photo\"><div class=\"overlay\"><\/div><img decoding=\"async\" src=\"https:\/\/inov4sports.com\/pt\/wp-content\/uploads\/2021\/09\/100105552_242965390299110_950287442957565952_n-2.jpg\" alt=\"Materiais de \u00daltima Gera\u00e7\u00e3o\" class=\"respimg\"><a href=\"mailto:admin@yourdomain.com\" class=\"team-contact_btn color-bg\"><i class=\"fal fa-envelope\"><\/i><\/a><\/div><div class=\"team-info\"><h3><a href=\"#\">Materiais de \u00daltima Gera\u00e7\u00e3o<\/a><\/h3><h4>Resist\u00eancia, qualidade e confian\u00e7a ao ar livre<\/h4><p>A escolha de materiais privilegia a qualidade, durabilidade e a performance. Estruturas em alum\u00ednio com 15 anos de garantia anti corros\u00e3o, pavimentos de \u00faltima gera\u00e7\u00e3o e acabamentos robustos garantem uma experi\u00eancia segura, confort\u00e1vel e preparada para resistir ao tempo.  <\/p><\/div><ul class=\"team-social\"><li><a href=\"#\" target=\"_blank\" rel=\"noopener noreferrer\"><i class=\"fab fa-facebook-f\"><\/i><\/a><\/li><li><a href=\"#\" target=\"_blank\" rel=\"noopener noreferrer\"><i class=\"fab fa-instagram\"><\/i><\/a><\/li><li><a href=\"#\" target=\"_blank\" rel=\"noopener noreferrer\"><i class=\"fab fa-x-twitter\"><\/i><\/a><\/li><li><a href=\"#\" target=\"_blank\" rel=\"noopener noreferrer\"><i class=\"fab fa-vk\"><\/i><\/a><\/li><\/ul><\/div>[\/vc_column][vc_column width=&#8221;1\/2&#8243;]<div class=\"team-box\"><div class=\"team-photo\"><div class=\"overlay\"><\/div><img decoding=\"async\" src=\"https:\/\/inov4sports.com\/pt\/wp-content\/uploads\/2025\/04\/WhatsApp-Image-2024-09-13-at-17.57.25-1-604x400.jpeg\" alt=\"Conceito Inovador\" class=\"respimg\"><a href=\"mailto:admin@yourdomain.com\" class=\"team-contact_btn color-bg\"><i class=\"fal fa-envelope\"><\/i><\/a><\/div><div class=\"team-info\"><h3><a href=\"#\">Conceito Inovador<\/a><\/h3><h4>Mais do que desporto \u2014 uma experi\u00eancia urbana ativa<\/h4><p>Mais do que espa\u00e7os desportivos, os Sports Villages s\u00e3o experi\u00eancias urbanas ativas. Cada projeto nasce de um planeamento estrat\u00e9gico, com foco na dinamiza\u00e7\u00e3o das comunidades e no aproveitamento inteligente do espa\u00e7o urbano, promovendo estilos de vida saud\u00e1veis e sustent\u00e1veis  <\/p><\/div><ul class=\"team-social\"><li><a href=\"#\" target=\"_blank\" rel=\"noopener noreferrer\"><i class=\"fab fa-facebook-f\"><\/i><\/a><\/li><li><a href=\"#\" target=\"_blank\" rel=\"noopener noreferrer\"><i class=\"fab fa-instagram\"><\/i><\/a><\/li><li><a href=\"#\" target=\"_blank\" rel=\"noopener noreferrer\"><i class=\"fab fa-x-twitter\"><\/i><\/a><\/li><li><a href=\"#\" target=\"_blank\" rel=\"noopener noreferrer\"><i class=\"fab fa-vk\"><\/i><\/a><\/li><\/ul><\/div><div class=\"team-box\"><div class=\"team-photo\"><div class=\"overlay\"><\/div><img decoding=\"async\" src=\"https:\/\/inov4sports.com\/pt\/wp-content\/uploads\/2021\/09\/1aPub92101829_2870022783115358_8242210487777886208_n.jpg\" alt=\"Design Urbano de Destaque\" class=\"respimg\"><a href=\"mailto:admin@yourdomain.com\" class=\"team-contact_btn color-bg\"><i class=\"fal fa-envelope\"><\/i><\/a><\/div><div class=\"team-info\"><h3><a href=\"#\">Design Urbano de Destaque<\/a><\/h3><h4>Quando o desporto tamb\u00e9m \u00e9 arquitetura e identidade<\/h4><p>Cada Sports Village \u00e9 tamb\u00e9m uma pe\u00e7a de arte urbana. Linhas contempor\u00e2neas, ilumina\u00e7\u00e3o LED e elementos visuais de forte impacto fazem destes espa\u00e7os verdadeiros marcos arquitet\u00f3nicos que valorizam o territ\u00f3rio e convidam \u00e0 pr\u00e1tica desportiva com estilo e identidade.  <\/p><\/div><ul class=\"team-social\"><li><a href=\"#\" target=\"_blank\" rel=\"noopener noreferrer\"><i class=\"fab fa-facebook-f\"><\/i><\/a><\/li><li><a href=\"#\" target=\"_blank\" rel=\"noopener noreferrer\"><i class=\"fab fa-instagram\"><\/i><\/a><\/li><li><a href=\"#\" target=\"_blank\" rel=\"noopener noreferrer\"><i class=\"fab fa-x-twitter\"><\/i><\/a><\/li><li><a href=\"#\" target=\"_blank\" rel=\"noopener noreferrer\"><i class=\"fab fa-vk\"><\/i><\/a><\/li><\/ul><\/div>[\/vc_column][\/vc_row][vc_row][vc_column][vc_masonry_media_grid style=&#8221;lazy&#8221; css=&#8221;&#8221; grid_id=&#8221;vc_gid:1745423637740-f77c496b-5f98-0&#8243; include=&#8221;12305,12303,12306,9493,11559,10812,12307,9504,12304&#8243;][\/vc_column][\/vc_row]\n<\/div>","protected":false},"excerpt":{"rendered":"<p>[vc_row enable_container=&#8221;st2&#8243; sec_padding_top=&#8221;0&#8243; sec_padding_bottom=&#8221;0&#8243; enabletitle=&#8221;st2&#8243; nastik_sec_title=&#8221;Sports Village \u2014 Reimaginar o Espa\u00e7o Desportivo Urbano&#8221; nastik_sec_number=&#8221;01&#8243; nastik_sec_dectiption=&#8221;O Sports Village \u00e9 a vis\u00e3o da Inov4sports para uma nova gera\u00e7\u00e3o de espa\u00e7os desportivos ao ar livre. Mais do que infraestruturas, s\u00e3o ambientes vivos, pensados para integrar diferentes modalidades, promover o bem-estar e valorizar o espa\u00e7o p\u00fablico com solu\u00e7\u00f5es inovadoras,..<\/p>\n","protected":false},"author":1,"featured_media":7529,"parent":12142,"menu_order":0,"comment_status":"closed","ping_status":"closed","template":"","meta":{"_eb_attr":"","_monsterinsights_skip_tracking":false,"_monsterinsights_sitenote_active":false,"_monsterinsights_sitenote_note":"","_monsterinsights_sitenote_category":0,"footnotes":""},"class_list":["post-12248","page","type-page","status-publish","has-post-thumbnail","hentry"],"_links":{"self":[{"href":"https:\/\/inov4sports.com\/pt\/wp-json\/wp\/v2\/pages\/12248","targetHints":{"allow":["GET"]}}],"collection":[{"href":"https:\/\/inov4sports.com\/pt\/wp-json\/wp\/v2\/pages"}],"about":[{"href":"https:\/\/inov4sports.com\/pt\/wp-json\/wp\/v2\/types\/page"}],"author":[{"embeddable":true,"href":"https:\/\/inov4sports.com\/pt\/wp-json\/wp\/v2\/users\/1"}],"replies":[{"embeddable":true,"href":"https:\/\/inov4sports.com\/pt\/wp-json\/wp\/v2\/comments?post=12248"}],"version-history":[{"count":8,"href":"https:\/\/inov4sports.com\/pt\/wp-json\/wp\/v2\/pages\/12248\/revisions"}],"predecessor-version":[{"id":12310,"href":"https:\/\/inov4sports.com\/pt\/wp-json\/wp\/v2\/pages\/12248\/revisions\/12310"}],"up":[{"embeddable":true,"href":"https:\/\/inov4sports.com\/pt\/wp-json\/wp\/v2\/pages\/12142"}],"wp:featuredmedia":[{"embeddable":true,"href":"https:\/\/inov4sports.com\/pt\/wp-json\/wp\/v2\/media\/7529"}],"wp:attachment":[{"href":"https:\/\/inov4sports.com\/pt\/wp-json\/wp\/v2\/media?parent=12248"}],"curies":[{"name":"wp","href":"https:\/\/api.w.org\/{rel}","templated":true}]}}