{"id":12245,"date":"2025-04-16T14:36:40","date_gmt":"2025-04-16T14:36:40","guid":{"rendered":"https:\/\/inov4sports.com\/pt\/?page_id=12245"},"modified":"2025-06-25T13:59:50","modified_gmt":"2025-06-25T13:59:50","slug":"marcadores-eletronicos","status":"publish","type":"page","link":"https:\/\/inov4sports.com\/pt\/marcadores-eletronicos\/","title":{"rendered":"Marcadores Eletr\u00f3nicos"},"content":{"rendered":"<div class=\"wpb-content-wrapper\">[vc_row enable_container=&#8221;st2&#8243; sec_padding_top=&#8221;0&#8243; sec_padding_bottom=&#8221;0&#8243; enabletitle=&#8221;st2&#8243; nastik_sec_title=&#8221;ScorePro LED \u2014 Muito Mais do que um Marcador&#8221; nastik_sec_number=&#8221;01&#8243; nastik_sec_dectiption=&#8221;Os marcadores desportivos da Inov4sports s\u00e3o uma revolu\u00e7\u00e3o tecnol\u00f3gica nos espa\u00e7os desportivos. Mais do que mostrar resultados, transformam-se numa plataforma inteligente e interativa, que conecta utilizadores, dinamiza o espa\u00e7o e amplia o potencial de comunica\u00e7\u00e3o e entretenimento. Desenvolvidos com software exclusivo e tecnologia LED de \u00faltima gera\u00e7\u00e3o, elevam a experi\u00eancia desportiva a um novo patamar.&#8221; enableseparator=&#8221;st2&#8243;][vc_column width=&#8221;1\/2&#8243;]<div class=\"team-box\"><div class=\"team-photo\"><div class=\"overlay\"><\/div><img decoding=\"async\" src=\"https:\/\/inov4sports.com\/pt\/wp-content\/uploads\/2025\/05\/5-604x400.jpg\" alt=\"Marcador Desportivo com Valor Acrescentado\" class=\"respimg\"><a href=\"mailto:admin@yourdomain.com\" class=\"team-contact_btn color-bg\"><i class=\"fal fa-envelope\"><\/i><\/a><\/div><div class=\"team-info\"><h3><a href=\"#\">Marcador Desportivo com Valor Acrescentado<\/a><\/h3><h4>Tecnologia nacional com personaliza\u00e7\u00e3o total<\/h4><p>Equipado com software de desenvolvimento 100% portugu\u00eas, o ScorePro LED adapta-se \u00e0s necessidades espec\u00edficas de cada cliente. Desde clubes a eventos, permite uma gest\u00e3o intuitiva, visual apelativo e funcionalidades ajustadas \u00e0 realidade de cada espa\u00e7o \u2014 um marcador que \u00e9 tamb\u00e9m uma ferramenta de inova\u00e7\u00e3o.  <\/p><\/div><ul class=\"team-social\"><li><a href=\"#\" target=\"_blank\" rel=\"noopener noreferrer\"><i class=\"fab fa-facebook-f\"><\/i><\/a><\/li><li><a href=\"#\" target=\"_blank\" rel=\"noopener noreferrer\"><i class=\"fab fa-instagram\"><\/i><\/a><\/li><li><a href=\"#\" target=\"_blank\" rel=\"noopener noreferrer\"><i class=\"fab fa-x-twitter\"><\/i><\/a><\/li><li><a href=\"#\" target=\"_blank\" rel=\"noopener noreferrer\"><i class=\"fab fa-vk\"><\/i><\/a><\/li><\/ul><\/div><div class=\"team-box\"><div class=\"team-photo\"><div class=\"overlay\"><\/div><img decoding=\"async\" src=\"https:\/\/inov4sports.com\/pt\/wp-content\/uploads\/2025\/05\/4-604x400.jpg\" alt=\"Ferramenta de Rentabiliza\u00e7\u00e3o de Espa\u00e7o\" class=\"respimg\"><a href=\"mailto:admin@yourdomain.com\" class=\"team-contact_btn color-bg\"><i class=\"fal fa-envelope\"><\/i><\/a><\/div><div class=\"team-info\"><h3><a href=\"#\">Ferramenta de Rentabiliza\u00e7\u00e3o de Espa\u00e7o<\/a><\/h3><h4>Mais impacto, mais visibilidade, mais retorno<\/h4><p>O ScorePro LED \u00e9 tamb\u00e9m uma poderosa ferramenta de rentabilidade. Permite transformar qualquer pavilh\u00e3o num mini-est\u00e1dio multim\u00e9dia, com publicidade din\u00e2mica e atrativa para patrocinadores, eventos promocionais e oportunidades de envolvimento com a comunidade e marcas.  <\/p><\/div><ul class=\"team-social\"><li><a href=\"#\" target=\"_blank\" rel=\"noopener noreferrer\"><i class=\"fab fa-facebook-f\"><\/i><\/a><\/li><li><a href=\"#\" target=\"_blank\" rel=\"noopener noreferrer\"><i class=\"fab fa-instagram\"><\/i><\/a><\/li><li><a href=\"#\" target=\"_blank\" rel=\"noopener noreferrer\"><i class=\"fab fa-x-twitter\"><\/i><\/a><\/li><li><a href=\"#\" target=\"_blank\" rel=\"noopener noreferrer\"><i class=\"fab fa-vk\"><\/i><\/a><\/li><\/ul><\/div>[\/vc_column][vc_column width=&#8221;1\/2&#8243;]<div class=\"team-box\"><div class=\"team-photo\"><div class=\"overlay\"><\/div><img decoding=\"async\" src=\"https:\/\/inov4sports.com\/pt\/wp-content\/uploads\/2025\/03\/481507693_18486940795060164_6833364459600588704_n-604x400.jpg\" alt=\"Ecr\u00e3 Gigante Multifun\u00e7\u00f5es\" class=\"respimg\"><a href=\"mailto:admin@yourdomain.com\" class=\"team-contact_btn color-bg\"><i class=\"fal fa-envelope\"><\/i><\/a><\/div><div class=\"team-info\"><h3><a href=\"#\">Ecr\u00e3 Gigante Multifun\u00e7\u00f5es<\/a><\/h3><h4>Do jogo ao espet\u00e1culo \u2014 tudo no mesmo ecr\u00e3<\/h4><p>Mais do que resultados, o ecr\u00e3 LED transforma-se num palco de conte\u00fados: transmiss\u00f5es em direto, eventos online, jogos, v\u00eddeos promocionais ou at\u00e9 concertos. Com qualidade de imagem impressionante, torna cada momento vis\u00edvel e memor\u00e1vel para todos os presentes.  <\/p><\/div><ul class=\"team-social\"><li><a href=\"#\" target=\"_blank\" rel=\"noopener noreferrer\"><i class=\"fab fa-facebook-f\"><\/i><\/a><\/li><li><a href=\"#\" target=\"_blank\" rel=\"noopener noreferrer\"><i class=\"fab fa-instagram\"><\/i><\/a><\/li><li><a href=\"#\" target=\"_blank\" rel=\"noopener noreferrer\"><i class=\"fab fa-x-twitter\"><\/i><\/a><\/li><li><a href=\"#\" target=\"_blank\" rel=\"noopener noreferrer\"><i class=\"fab fa-vk\"><\/i><\/a><\/li><\/ul><\/div><div class=\"team-box\"><div class=\"team-photo\"><div class=\"overlay\"><\/div><img decoding=\"async\" src=\"https:\/\/inov4sports.com\/pt\/wp-content\/uploads\/2025\/04\/142841847_861664971334772_8555606712867923028_n.jpg\" alt=\"Ecr\u00e3 Interativo e Conectado\" class=\"respimg\"><a href=\"mailto:admin@yourdomain.com\" class=\"team-contact_btn color-bg\"><i class=\"fal fa-envelope\"><\/i><\/a><\/div><div class=\"team-info\"><h3><a href=\"#\">Ecr\u00e3 Interativo e Conectado<\/a><\/h3><h4>Ecr\u00e3 Interativo e Funcional<\/h4><p>Para al\u00e9m da componente interativa, o ScorePro LED permite a visualiza\u00e7\u00e3o de situa\u00e7\u00f5es de jogo em tempo real durante treinos, facilitando a an\u00e1lise t\u00e1tica e o feedback imediato. Tamb\u00e9m preparado para videoconfer\u00eancias, forma\u00e7\u00f5es ou apresenta\u00e7\u00f5es t\u00e9cnicas, transforma-se num recurso vers\u00e1til e indispens\u00e1vel para equipas, treinadores e organiza\u00e7\u00f5es desportivas.  <\/p><\/div><ul class=\"team-social\"><li><a href=\"#\" target=\"_blank\" rel=\"noopener noreferrer\"><i class=\"fab fa-facebook-f\"><\/i><\/a><\/li><li><a href=\"#\" target=\"_blank\" rel=\"noopener noreferrer\"><i class=\"fab fa-instagram\"><\/i><\/a><\/li><li><a href=\"#\" target=\"_blank\" rel=\"noopener noreferrer\"><i class=\"fab fa-x-twitter\"><\/i><\/a><\/li><li><a href=\"#\" target=\"_blank\" rel=\"noopener noreferrer\"><i class=\"fab fa-vk\"><\/i><\/a><\/li><\/ul><\/div>[\/vc_column][\/vc_row]\n<\/div>","protected":false},"excerpt":{"rendered":"<p>[vc_row enable_container=&#8221;st2&#8243; sec_padding_top=&#8221;0&#8243; sec_padding_bottom=&#8221;0&#8243; enabletitle=&#8221;st2&#8243; nastik_sec_title=&#8221;ScorePro LED \u2014 Muito Mais do que um Marcador&#8221; nastik_sec_number=&#8221;01&#8243; nastik_sec_dectiption=&#8221;Os marcadores desportivos da Inov4sports s\u00e3o uma revolu\u00e7\u00e3o tecnol\u00f3gica nos espa\u00e7os desportivos. Mais do que mostrar resultados, transformam-se numa plataforma inteligente e interativa, que conecta utilizadores, dinamiza o espa\u00e7o e amplia o potencial de comunica\u00e7\u00e3o e entretenimento. Desenvolvidos com software..<\/p>\n","protected":false},"author":1,"featured_media":12525,"parent":0,"menu_order":0,"comment_status":"closed","ping_status":"closed","template":"","meta":{"_eb_attr":"","_monsterinsights_skip_tracking":false,"_monsterinsights_sitenote_active":false,"_monsterinsights_sitenote_note":"","_monsterinsights_sitenote_category":0,"footnotes":""},"class_list":["post-12245","page","type-page","status-publish","has-post-thumbnail","hentry"],"_links":{"self":[{"href":"https:\/\/inov4sports.com\/pt\/wp-json\/wp\/v2\/pages\/12245","targetHints":{"allow":["GET"]}}],"collection":[{"href":"https:\/\/inov4sports.com\/pt\/wp-json\/wp\/v2\/pages"}],"about":[{"href":"https:\/\/inov4sports.com\/pt\/wp-json\/wp\/v2\/types\/page"}],"author":[{"embeddable":true,"href":"https:\/\/inov4sports.com\/pt\/wp-json\/wp\/v2\/users\/1"}],"replies":[{"embeddable":true,"href":"https:\/\/inov4sports.com\/pt\/wp-json\/wp\/v2\/comments?post=12245"}],"version-history":[{"count":7,"href":"https:\/\/inov4sports.com\/pt\/wp-json\/wp\/v2\/pages\/12245\/revisions"}],"predecessor-version":[{"id":12530,"href":"https:\/\/inov4sports.com\/pt\/wp-json\/wp\/v2\/pages\/12245\/revisions\/12530"}],"wp:featuredmedia":[{"embeddable":true,"href":"https:\/\/inov4sports.com\/pt\/wp-json\/wp\/v2\/media\/12525"}],"wp:attachment":[{"href":"https:\/\/inov4sports.com\/pt\/wp-json\/wp\/v2\/media?parent=12245"}],"curies":[{"name":"wp","href":"https:\/\/api.w.org\/{rel}","templated":true}]}}