{"id":12237,"date":"2025-04-16T14:11:58","date_gmt":"2025-04-16T14:11:58","guid":{"rendered":"https:\/\/inov4sports.com\/pt\/?page_id=12237"},"modified":"2025-05-20T10:35:21","modified_gmt":"2025-05-20T10:35:21","slug":"polipropileno-interior","status":"publish","type":"page","link":"https:\/\/inov4sports.com\/pt\/pavimentos-modulares\/polipropileno-interior\/","title":{"rendered":"Polipropileno Interior"},"content":{"rendered":"<div class=\"wpb-content-wrapper\">[vc_row enable_container=&#8221;st2&#8243; sec_padding_top=&#8221;0&#8243; sec_padding_bottom=&#8221;0&#8243; enabletitle=&#8221;st2&#8243; nastik_sec_title=&#8221;Indoor Comfort Plus \u2014 O Novo Padr\u00e3o de Conforto nos Pavilh\u00f5es&#8221; nastik_sec_number=&#8221;01&#8243; nastik_sec_dectiption=&#8221;O Indoor Comfort Plus \u00e9 o expoente m\u00e1ximo da evolu\u00e7\u00e3o dos pavimentos desportivos modulares para interiores. Desenvolvido pela Inov4sports com base nas exig\u00eancias da alta competi\u00e7\u00e3o, combina o conforto biomec\u00e2nico de um pavimento de madeira com a durabilidade, resist\u00eancia \u00e0 humidade e facilidade de manuten\u00e7\u00e3o dos sistemas modulares. Com tecnologia exclusiva, sistema de amortecimento embutido e acabamento tipo \u201cverniz\u201d, oferece uma experi\u00eancia de jogo superior, segura e acess\u00edvel \u2014 com design e engenharia 100% portugueses.&#8221; enableseparator=&#8221;st2&#8243;][vc_column width=&#8221;1\/2&#8243;]<div class=\"team-box\"><div class=\"team-photo\"><div class=\"overlay\"><\/div><img decoding=\"async\" src=\"https:\/\/inov4sports.com\/pt\/wp-content\/uploads\/2023\/04\/WhatsApp-Image-2022-12-30-at-20.20.39-3-1.jpeg\" alt=\"Desenvolvido e Fabricado em Portugal\" class=\"respimg\"><a href=\"mailto:admin@yourdomain.com\" class=\"team-contact_btn color-bg\"><i class=\"fal fa-envelope\"><\/i><\/a><\/div><div class=\"team-info\"><h3><a href=\"#\">Desenvolvido e Fabricado em Portugal<\/a><\/h3><h4>Excel\u00eancia portuguesa ao servi\u00e7o do desporto<\/h4><p>O Indoor Comfort Plus \u00e9 inteiramente desenvolvido e fabricado em Portugal pela Inov4sports, utilizando engenharia pr\u00f3pria e uma f\u00f3rmula de polipropileno copol\u00edmero com prote\u00e7\u00e3o UV. O resultado \u00e9 um pavimento robusto, confort\u00e1vel e adaptado \u00e0s exig\u00eancias das modalidades indoor, com a qualidade e o cuidado de produ\u00e7\u00e3o que s\u00f3 um produto nacional consegue garantir  <\/p><\/div><ul class=\"team-social\"><li><a href=\"#\" target=\"_blank\" rel=\"noopener noreferrer\"><i class=\"fab fa-facebook-f\"><\/i><\/a><\/li><li><a href=\"#\" target=\"_blank\" rel=\"noopener noreferrer\"><i class=\"fab fa-instagram\"><\/i><\/a><\/li><li><a href=\"#\" target=\"_blank\" rel=\"noopener noreferrer\"><i class=\"fab fa-x-twitter\"><\/i><\/a><\/li><li><a href=\"#\" target=\"_blank\" rel=\"noopener noreferrer\"><i class=\"fab fa-vk\"><\/i><\/a><\/li><\/ul><\/div><div class=\"team-box\"><div class=\"team-photo\"><div class=\"overlay\"><\/div><img decoding=\"async\" src=\"https:\/\/inov4sports.com\/pt\/wp-content\/uploads\/2022\/01\/ourique-depois.png\" alt=\"Superf\u00edcie Tipo Verniz para Alto Rendimento\" class=\"respimg\"><a href=\"mailto:admin@yourdomain.com\" class=\"team-contact_btn color-bg\"><i class=\"fal fa-envelope\"><\/i><\/a><\/div><div class=\"team-info\"><h3><a href=\"#\">Superf\u00edcie Tipo Verniz para Alto Rendimento<\/a><\/h3><h4>Performance e eleg\u00e2ncia num s\u00f3 pavimento<\/h4><p>Inspirado no acabamento dos pavimentos desportivos de madeira, o Indoor Comfort Plus apresenta uma superf\u00edcie com acabamento tipo \u201cverniz\u201d, que alia um visual premium a uma resposta t\u00e9cnica de alto desempenho. O ressalto de bola \u00e9 ideal, o atrito \u00e9 equilibrado e a sensa\u00e7\u00e3o de jogo \u00e9 fluida \u2014 tudo isto com a vantagem de n\u00e3o exigir os cuidados exigidos pelos pisos tradicionais  <\/p><\/div><ul class=\"team-social\"><li><a href=\"#\" target=\"_blank\" rel=\"noopener noreferrer\"><i class=\"fab fa-facebook-f\"><\/i><\/a><\/li><li><a href=\"#\" target=\"_blank\" rel=\"noopener noreferrer\"><i class=\"fab fa-instagram\"><\/i><\/a><\/li><li><a href=\"#\" target=\"_blank\" rel=\"noopener noreferrer\"><i class=\"fab fa-x-twitter\"><\/i><\/a><\/li><li><a href=\"#\" target=\"_blank\" rel=\"noopener noreferrer\"><i class=\"fab fa-vk\"><\/i><\/a><\/li><\/ul><\/div>[\/vc_column][vc_column width=&#8221;1\/2&#8243;]<div class=\"team-box\"><div class=\"team-photo\"><div class=\"overlay\"><\/div><img decoding=\"async\" src=\"https:\/\/inov4sports.com\/pt\/wp-content\/uploads\/2022\/02\/miranda-douro-miudos-blur.png\" alt=\"Sistema de Amortecimento Embutido\" class=\"respimg\"><a href=\"mailto:admin@yourdomain.com\" class=\"team-contact_btn color-bg\"><i class=\"fal fa-envelope\"><\/i><\/a><\/div><div class=\"team-info\"><h3><a href=\"#\">Sistema de Amortecimento Embutido<\/a><\/h3><h4>O conforto que se sente em cada movimento<\/h4><p>Com 34 shock pads incorporados individualmente em cada m\u00f3dulo, e com sistema de pressuriza\u00e7\u00e3o patenteado, o Indoor Comfort Plus oferece um n\u00edvel de conforto sem precedentes. Este sistema adapta-se ao peso do utilizador, absorve impactos verticais e laterais e reduz drasticamente o risco de les\u00f5es \u2014 uma verdadeira revolu\u00e7\u00e3o para atletas, treinadores e respons\u00e1veis de instala\u00e7\u00f5es desportivas.  <\/p><\/div><ul class=\"team-social\"><li><a href=\"#\" target=\"_blank\" rel=\"noopener noreferrer\"><i class=\"fab fa-facebook-f\"><\/i><\/a><\/li><li><a href=\"#\" target=\"_blank\" rel=\"noopener noreferrer\"><i class=\"fab fa-instagram\"><\/i><\/a><\/li><li><a href=\"#\" target=\"_blank\" rel=\"noopener noreferrer\"><i class=\"fab fa-x-twitter\"><\/i><\/a><\/li><li><a href=\"#\" target=\"_blank\" rel=\"noopener noreferrer\"><i class=\"fab fa-vk\"><\/i><\/a><\/li><\/ul><\/div><div class=\"team-box\"><div class=\"team-photo\"><div class=\"overlay\"><\/div><img decoding=\"async\" src=\"https:\/\/inov4sports.com\/pt\/wp-content\/uploads\/2021\/11\/leiria-anteso.png\" alt=\"Sistema Patenteado com Tecnologia Exclusiva\" class=\"respimg\"><a href=\"mailto:admin@yourdomain.com\" class=\"team-contact_btn color-bg\"><i class=\"fal fa-envelope\"><\/i><\/a><\/div><div class=\"team-info\"><h3><a href=\"#\">Sistema Patenteado com Tecnologia Exclusiva<\/a><\/h3><h4>Inova\u00e7\u00e3o protegida, desempenho incompar\u00e1vel<\/h4><p>O Indoor Comfort Plus est\u00e1 equipado com sistemas \u00fanicos e patenteados que o diferenciam de qualquer outro pavimento modular. Desde os encaixes triplos de fixa\u00e7\u00e3o at\u00e9 ao sistema GSPWA de adapta\u00e7\u00e3o de conforto por peso, cada detalhe foi desenhado para elevar a pr\u00e1tica desportiva em pavilh\u00e3o a um novo patamar. Com 15 anos de garantia limitada, \u00e9 uma escolha segura, avan\u00e7ada e com ADN 100% Inov4sports.  <\/p><\/div><ul class=\"team-social\"><li><a href=\"#\" target=\"_blank\" rel=\"noopener noreferrer\"><i class=\"fab fa-facebook-f\"><\/i><\/a><\/li><li><a href=\"#\" target=\"_blank\" rel=\"noopener noreferrer\"><i class=\"fab fa-instagram\"><\/i><\/a><\/li><li><a href=\"#\" target=\"_blank\" rel=\"noopener noreferrer\"><i class=\"fab fa-x-twitter\"><\/i><\/a><\/li><li><a href=\"#\" target=\"_blank\" rel=\"noopener noreferrer\"><i class=\"fab fa-vk\"><\/i><\/a><\/li><\/ul><\/div>[\/vc_column][\/vc_row][vc_row][vc_column][vc_masonry_media_grid css=&#8221;&#8221; grid_id=&#8221;vc_gid:1747667877511-2c5a0470-23ea-3&#8243; include=&#8221;11334,11691,9030,11687,12340,9326,9304,9298,9305,9301,12339,9296,8917,12341,8878,12343,12344,12337,12338,12342,12345&#8243;][\/vc_column][\/vc_row]\n<\/div>","protected":false},"excerpt":{"rendered":"<p>[vc_row enable_container=&#8221;st2&#8243; sec_padding_top=&#8221;0&#8243; sec_padding_bottom=&#8221;0&#8243; enabletitle=&#8221;st2&#8243; nastik_sec_title=&#8221;Indoor Comfort Plus \u2014 O Novo Padr\u00e3o de Conforto nos Pavilh\u00f5es&#8221; nastik_sec_number=&#8221;01&#8243; nastik_sec_dectiption=&#8221;O Indoor Comfort Plus \u00e9 o expoente m\u00e1ximo da evolu\u00e7\u00e3o dos pavimentos desportivos modulares para interiores. Desenvolvido pela Inov4sports com base nas exig\u00eancias da alta competi\u00e7\u00e3o, combina o conforto biomec\u00e2nico de um pavimento de madeira com a durabilidade,..<\/p>\n","protected":false},"author":1,"featured_media":11435,"parent":12133,"menu_order":0,"comment_status":"closed","ping_status":"closed","template":"","meta":{"_eb_attr":"","_monsterinsights_skip_tracking":false,"_monsterinsights_sitenote_active":false,"_monsterinsights_sitenote_note":"","_monsterinsights_sitenote_category":0,"footnotes":""},"class_list":["post-12237","page","type-page","status-publish","has-post-thumbnail","hentry"],"_links":{"self":[{"href":"https:\/\/inov4sports.com\/pt\/wp-json\/wp\/v2\/pages\/12237","targetHints":{"allow":["GET"]}}],"collection":[{"href":"https:\/\/inov4sports.com\/pt\/wp-json\/wp\/v2\/pages"}],"about":[{"href":"https:\/\/inov4sports.com\/pt\/wp-json\/wp\/v2\/types\/page"}],"author":[{"embeddable":true,"href":"https:\/\/inov4sports.com\/pt\/wp-json\/wp\/v2\/users\/1"}],"replies":[{"embeddable":true,"href":"https:\/\/inov4sports.com\/pt\/wp-json\/wp\/v2\/comments?post=12237"}],"version-history":[{"count":8,"href":"https:\/\/inov4sports.com\/pt\/wp-json\/wp\/v2\/pages\/12237\/revisions"}],"predecessor-version":[{"id":12428,"href":"https:\/\/inov4sports.com\/pt\/wp-json\/wp\/v2\/pages\/12237\/revisions\/12428"}],"up":[{"embeddable":true,"href":"https:\/\/inov4sports.com\/pt\/wp-json\/wp\/v2\/pages\/12133"}],"wp:featuredmedia":[{"embeddable":true,"href":"https:\/\/inov4sports.com\/pt\/wp-json\/wp\/v2\/media\/11435"}],"wp:attachment":[{"href":"https:\/\/inov4sports.com\/pt\/wp-json\/wp\/v2\/media?parent=12237"}],"curies":[{"name":"wp","href":"https:\/\/api.w.org\/{rel}","templated":true}]}}