{"id":12234,"date":"2025-04-16T14:02:35","date_gmt":"2025-04-16T14:02:35","guid":{"rendered":"https:\/\/inov4sports.com\/pt\/?page_id=12234"},"modified":"2025-05-30T15:00:41","modified_gmt":"2025-05-30T15:00:41","slug":"super-courts-2","status":"publish","type":"page","link":"https:\/\/inov4sports.com\/pt\/super-courts-2\/","title":{"rendered":"Super Courts"},"content":{"rendered":"<div class=\"wpb-content-wrapper\">[vc_row enable_container=&#8221;st2&#8243; sec_padding_top=&#8221;0&#8243; sec_padding_bottom=&#8221;0&#8243; enabletitle=&#8221;st2&#8243; nastik_sec_title=&#8221;Super Courts \u2014 O Seu Espa\u00e7o Desportivo, Pronto a Usar&#8221; nastik_sec_number=&#8221;01&#8243; nastik_sec_dectiption=&#8221;Os Super Courts s\u00e3o a solu\u00e7\u00e3o chave na m\u00e3o da Inov4Sports para a cria\u00e7\u00e3o de espa\u00e7os desportivos cobertos, acess\u00edveis e de alta performance. Combinando infraestruturas modulares, pavimentos de alto rendimento, ilumina\u00e7\u00e3o LED e equipamentos eletr\u00f3nicos interativos, os Super Courts permitem-lhe ter um pavilh\u00e3o funcional e vers\u00e1til, pronto a usar 365 dias por ano. Desenvolvidos e fabricados em Portugal, oferecem uma resposta inovadora para quem procura qualidade, rapidez de implementa\u00e7\u00e3o e rentabilidade do investimento&#8221; enableseparator=&#8221;st2&#8243;][vc_column width=&#8221;1\/2&#8243;]<div class=\"team-box\"><div class=\"team-photo\"><div class=\"overlay\"><\/div><img decoding=\"async\" src=\"https:\/\/inov4sports.com\/pt\/wp-content\/uploads\/2023\/04\/WhatsApp-Image-2022-09-09-at-13.00.39-2-1.jpeg\" alt=\"Solu\u00e7\u00e3o Chave na M\u00e3o Integrada\" class=\"respimg\"><a href=\"mailto:admin@yourdomain.com\" class=\"team-contact_btn color-bg\"><i class=\"fal fa-envelope\"><\/i><\/a><\/div><div class=\"team-info\"><h3><a href=\"#\">Solu\u00e7\u00e3o Chave na M\u00e3o Integrada<\/a><\/h3><h4>Tudo o que precisa, num s\u00f3 projeto<\/h4><p>Com os Super Courts, a Inov4Sports disponibiliza uma solu\u00e7\u00e3o completa que inclui: estrutura modular coberta, pavimento desportivo de alto rendimento, ilumina\u00e7\u00e3o LED de \u00faltima gera\u00e7\u00e3o e marcador eletr\u00f3nico LED interativo. Ao centralizar todos os componentes num \u00fanico fornecedor, simplificamos o processo de implementa\u00e7\u00e3o, reduzimos custos e garantimos a compatibilidade e qualidade de todos os elementos. O resultado \u00e9 um espa\u00e7o desportivo pronto a utilizar, com a garantia de desempenho e durabilidade que s\u00f3 a Inov4Sports pode oferecer  <\/p><\/div><ul class=\"team-social\"><li><a href=\"#\" target=\"_blank\" rel=\"noopener noreferrer\"><i class=\"fab fa-facebook-f\"><\/i><\/a><\/li><li><a href=\"#\" target=\"_blank\" rel=\"noopener noreferrer\"><i class=\"fab fa-instagram\"><\/i><\/a><\/li><li><a href=\"#\" target=\"_blank\" rel=\"noopener noreferrer\"><i class=\"fab fa-x-twitter\"><\/i><\/a><\/li><li><a href=\"#\" target=\"_blank\" rel=\"noopener noreferrer\"><i class=\"fab fa-vk\"><\/i><\/a><\/li><\/ul><\/div><div class=\"team-box\"><div class=\"team-photo\"><div class=\"overlay\"><\/div><img decoding=\"async\" src=\"https:\/\/inov4sports.com\/pt\/wp-content\/uploads\/2023\/02\/Posts-Parr-ch-1.jpg\" alt=\"Pavimentos Modulares para Versatilidade Total\" class=\"respimg\"><a href=\"mailto:admin@yourdomain.com\" class=\"team-contact_btn color-bg\"><i class=\"fal fa-envelope\"><\/i><\/a><\/div><div class=\"team-info\"><h3><a href=\"#\">Pavimentos Modulares para Versatilidade Total<\/a><\/h3><h4>Adapte o seu espa\u00e7o a m\u00faltiplas atividades<\/h4><p>A utiliza\u00e7\u00e3o de pavimentos modulares nos Super Courts permite uma flexibilidade incompar\u00e1vel. Estes pavimentos podem ser facilmente removidos ou protegidos, permitindo que o espa\u00e7o seja utilizado para outras atividades n\u00e3o desportivas, como eventos culturais, feiras ou espet\u00e1culos. Esta versatilidade assegura uma rentabiliza\u00e7\u00e3o cont\u00ednua do espa\u00e7o, transformando-o numa verdadeira arena multiusos, sem comprometer a integridade ou a qualidade do pavimento desportivo  <\/p><\/div><ul class=\"team-social\"><li><a href=\"#\" target=\"_blank\" rel=\"noopener noreferrer\"><i class=\"fab fa-facebook-f\"><\/i><\/a><\/li><li><a href=\"#\" target=\"_blank\" rel=\"noopener noreferrer\"><i class=\"fab fa-instagram\"><\/i><\/a><\/li><li><a href=\"#\" target=\"_blank\" rel=\"noopener noreferrer\"><i class=\"fab fa-x-twitter\"><\/i><\/a><\/li><li><a href=\"#\" target=\"_blank\" rel=\"noopener noreferrer\"><i class=\"fab fa-vk\"><\/i><\/a><\/li><\/ul><\/div>[\/vc_column][vc_column width=&#8221;1\/2&#8243;]<div class=\"team-box\"><div class=\"team-photo\"><div class=\"overlay\"><\/div><img decoding=\"async\" src=\"https:\/\/inov4sports.com\/pt\/wp-content\/uploads\/2021\/12\/1-Santa-Marta-do-Pinhal_I4S-1.png\" alt=\"Dimens\u00f5es Otimizadas para M\u00e1xima Efici\u00eancia\" class=\"respimg\"><a href=\"mailto:admin@yourdomain.com\" class=\"team-contact_btn color-bg\"><i class=\"fal fa-envelope\"><\/i><\/a><\/div><div class=\"team-info\"><h3><a href=\"#\">Dimens\u00f5es Otimizadas para M\u00e1xima Efici\u00eancia<\/a><\/h3><h4>Qualidade e funcionalidade a um custo surpreendente<\/h4><p>Os Super Courts s\u00e3o projetados com dimens\u00f5es padr\u00e3o otimizadas, permitindo uma utiliza\u00e7\u00e3o eficiente do espa\u00e7o e uma redu\u00e7\u00e3o significativa dos custos de constru\u00e7\u00e3o e manuten\u00e7\u00e3o. Esta abordagem equilibrada entre tamanho e funcionalidade assegura que cada metro quadrado \u00e9 aproveitado ao m\u00e1ximo, oferecendo uma solu\u00e7\u00e3o desportiva de alta qualidade a um pre\u00e7o acess\u00edvel. Ideal para munic\u00edpios, escolas, clubes e outras entidades que procuram maximizar o retorno do seu investimento  <\/p><\/div><ul class=\"team-social\"><li><a href=\"#\" target=\"_blank\" rel=\"noopener noreferrer\"><i class=\"fab fa-facebook-f\"><\/i><\/a><\/li><li><a href=\"#\" target=\"_blank\" rel=\"noopener noreferrer\"><i class=\"fab fa-instagram\"><\/i><\/a><\/li><li><a href=\"#\" target=\"_blank\" rel=\"noopener noreferrer\"><i class=\"fab fa-x-twitter\"><\/i><\/a><\/li><li><a href=\"#\" target=\"_blank\" rel=\"noopener noreferrer\"><i class=\"fab fa-vk\"><\/i><\/a><\/li><\/ul><\/div><div class=\"team-box\"><div class=\"team-photo\"><div class=\"overlay\"><\/div><img decoding=\"async\" src=\"https:\/\/inov4sports.com\/pt\/wp-content\/uploads\/2021\/09\/WhatsApp-Image-2020-10-13-at-13.18.23.jpeg\" alt=\"Sistema Modular Reinstal\u00e1vel\" class=\"respimg\"><a href=\"mailto:admin@yourdomain.com\" class=\"team-contact_btn color-bg\"><i class=\"fal fa-envelope\"><\/i><\/a><\/div><div class=\"team-info\"><h3><a href=\"#\">Sistema Modular Reinstal\u00e1vel<\/a><\/h3><h4>Proteja o seu investimento com mobilidade garantida<\/h4><p>Os Super Courts s\u00e3o concebidos com um sistema modular que permite a desmontagem e reinstala\u00e7\u00e3o em diferentes locais, conforme necess\u00e1rio. Esta caracter\u00edstica assegura que o seu investimento est\u00e1 protegido, oferecendo a flexibilidade de adaptar o espa\u00e7o \u00e0s necessidades futuras ou de relocalizar a infraestrutura em caso de mudan\u00e7a de instala\u00e7\u00f5es. Com os Super Courts, a Inov4Sports oferece n\u00e3o apenas uma solu\u00e7\u00e3o desportiva de excel\u00eancia, mas tamb\u00e9m a tranquilidade de um investimento seguro e adapt\u00e1vel  <\/p><\/div><ul class=\"team-social\"><li><a href=\"#\" target=\"_blank\" rel=\"noopener noreferrer\"><i class=\"fab fa-facebook-f\"><\/i><\/a><\/li><li><a href=\"#\" target=\"_blank\" rel=\"noopener noreferrer\"><i class=\"fab fa-instagram\"><\/i><\/a><\/li><li><a href=\"#\" target=\"_blank\" rel=\"noopener noreferrer\"><i class=\"fab fa-x-twitter\"><\/i><\/a><\/li><li><a href=\"#\" target=\"_blank\" rel=\"noopener noreferrer\"><i class=\"fab fa-vk\"><\/i><\/a><\/li><\/ul><\/div>[\/vc_column][\/vc_row]\n<\/div>","protected":false},"excerpt":{"rendered":"<p>[vc_row enable_container=&#8221;st2&#8243; sec_padding_top=&#8221;0&#8243; sec_padding_bottom=&#8221;0&#8243; enabletitle=&#8221;st2&#8243; nastik_sec_title=&#8221;Super Courts \u2014 O Seu Espa\u00e7o Desportivo, Pronto a Usar&#8221; nastik_sec_number=&#8221;01&#8243; nastik_sec_dectiption=&#8221;Os Super Courts s\u00e3o a solu\u00e7\u00e3o chave na m\u00e3o da Inov4Sports para a cria\u00e7\u00e3o de espa\u00e7os desportivos cobertos, acess\u00edveis e de alta performance. Combinando infraestruturas modulares, pavimentos de alto rendimento, ilumina\u00e7\u00e3o LED e equipamentos eletr\u00f3nicos interativos, os Super Courts..<\/p>\n","protected":false},"author":1,"featured_media":11439,"parent":0,"menu_order":0,"comment_status":"closed","ping_status":"closed","template":"","meta":{"_eb_attr":"","_monsterinsights_skip_tracking":false,"_monsterinsights_sitenote_active":false,"_monsterinsights_sitenote_note":"","_monsterinsights_sitenote_category":0,"footnotes":""},"class_list":["post-12234","page","type-page","status-publish","has-post-thumbnail","hentry"],"_links":{"self":[{"href":"https:\/\/inov4sports.com\/pt\/wp-json\/wp\/v2\/pages\/12234","targetHints":{"allow":["GET"]}}],"collection":[{"href":"https:\/\/inov4sports.com\/pt\/wp-json\/wp\/v2\/pages"}],"about":[{"href":"https:\/\/inov4sports.com\/pt\/wp-json\/wp\/v2\/types\/page"}],"author":[{"embeddable":true,"href":"https:\/\/inov4sports.com\/pt\/wp-json\/wp\/v2\/users\/1"}],"replies":[{"embeddable":true,"href":"https:\/\/inov4sports.com\/pt\/wp-json\/wp\/v2\/comments?post=12234"}],"version-history":[{"count":4,"href":"https:\/\/inov4sports.com\/pt\/wp-json\/wp\/v2\/pages\/12234\/revisions"}],"predecessor-version":[{"id":12658,"href":"https:\/\/inov4sports.com\/pt\/wp-json\/wp\/v2\/pages\/12234\/revisions\/12658"}],"wp:featuredmedia":[{"embeddable":true,"href":"https:\/\/inov4sports.com\/pt\/wp-json\/wp\/v2\/media\/11439"}],"wp:attachment":[{"href":"https:\/\/inov4sports.com\/pt\/wp-json\/wp\/v2\/media?parent=12234"}],"curies":[{"name":"wp","href":"https:\/\/api.w.org\/{rel}","templated":true}]}}