{"id":12229,"date":"2025-04-16T13:46:46","date_gmt":"2025-04-16T13:46:46","guid":{"rendered":"https:\/\/inov4sports.com\/pt\/?page_id=12229"},"modified":"2025-06-13T10:46:59","modified_gmt":"2025-06-13T10:46:59","slug":"w4s-basket","status":"publish","type":"page","link":"https:\/\/inov4sports.com\/pt\/familia-wall4sports\/w4s-basket\/","title":{"rendered":"W4S Basket"},"content":{"rendered":"<div class=\"wpb-content-wrapper\">[vc_row enable_container=&#8221;st2&#8243; sec_padding_top=&#8221;0&#8243; sec_padding_bottom=&#8221;0&#8243; enabletitle=&#8221;st2&#8243; nastik_sec_title=&#8221;Urban Basket Park \u2014 Onde o Basquetebol Encontra a Cidade&#8221; nastik_sec_number=&#8221;01&#8243; nastik_sec_dectiption=&#8221;O Urban Basket Park nasce da vontade de trazer o basquetebol para o espa\u00e7o p\u00fablico com condi\u00e7\u00f5es ideais de pr\u00e1tica e um forte impacto visual. Desenvolvido pela Inov4sports com base na estrutura inovadora dos Ping Pong Parks, este conceito introduz uma infraestrutura exclusiva para a pr\u00e1tica de basquetebol 3&#215;3 ao ar livre, protegida do vento e com uma est\u00e9tica urbana arrojada. Pensado para atrair novos praticantes e valorizar os espa\u00e7os urbanos, combina performance desportiva, design contempor\u00e2neo e durabilidade \u2014 tudo com assinatura Portuguesa&#8221; enableseparator=&#8221;st2&#8243;][vc_column width=&#8221;1\/2&#8243;]<div class=\"team-box\"><div class=\"team-photo\"><div class=\"overlay\"><\/div><img decoding=\"async\" src=\"https:\/\/inov4sports.com\/pt\/wp-content\/uploads\/2025\/04\/05b-1-604x400.jpg\" alt=\"Basquetebol Outdoor, sem limita\u00e7\u00f5es\" class=\"respimg\"><a href=\"mailto:admin@yourdomain.com\" class=\"team-contact_btn color-bg\"><i class=\"fal fa-envelope\"><\/i><\/a><\/div><div class=\"team-info\"><h3><a href=\"#\">Basquetebol Outdoor, sem limita\u00e7\u00f5es<\/a><\/h3><h4>Vento? Sol? Urban Basket Park est\u00e1 sempre pronto a jogar<\/h4><p>Ao ar livre, o vento \u00e9 muitas vezes o maior inimigo da precis\u00e3o no basquetebol. Com uma estrutura perimetral em alum\u00ednio e vidro resistente, o Urban Basket Park elimina essa barreira, criando um ambiente de jogo protegido, seguro e sempre dispon\u00edvel. Uma nova forma de praticar basquetebol 3&#215;3 com qualidade profissional, ao ar livre, durante todo o ano  <\/p><\/div><ul class=\"team-social\"><li><a href=\"#\" target=\"_blank\" rel=\"noopener noreferrer\"><i class=\"fab fa-facebook-f\"><\/i><\/a><\/li><li><a href=\"#\" target=\"_blank\" rel=\"noopener noreferrer\"><i class=\"fab fa-instagram\"><\/i><\/a><\/li><li><a href=\"#\" target=\"_blank\" rel=\"noopener noreferrer\"><i class=\"fab fa-x-twitter\"><\/i><\/a><\/li><li><a href=\"#\" target=\"_blank\" rel=\"noopener noreferrer\"><i class=\"fab fa-vk\"><\/i><\/a><\/li><\/ul><\/div><div class=\"team-box\"><div class=\"team-photo\"><div class=\"overlay\"><\/div><img decoding=\"async\" src=\"https:\/\/inov4sports.com\/pt\/wp-content\/uploads\/2025\/04\/04b-1-604x400.jpg\" alt=\"Equipamento desenvolvido com especialistas\" class=\"respimg\"><a href=\"mailto:info@inov4sports.com\" class=\"team-contact_btn color-bg\"><i class=\"fal fa-envelope\"><\/i><\/a><\/div><div class=\"team-info\"><h3><a href=\"#\">Equipamento desenvolvido com especialistas<\/a><\/h3><h4>Tabelas, aros e campo desenhados para o jogo real<\/h4><p>Fruto da nossa Parceria com a Federa\u00e7\u00e3o Portuguesa de Basquetebol, todo o equipamento do Urban Basket Park \u2014 tabelas, aros e dimens\u00f5es \u2014 foi desenvolvido em colabora\u00e7\u00e3o com especialistas e ajustado \u00e0s regras do basquetebol 3&#215;3. O objetivo? Garantir autenticidade, qualidade de jogo e uma experi\u00eancia ao n\u00edvel da alta competi\u00e7\u00e3o, mesmo no espa\u00e7o p\u00fablico.  <\/p><\/div><ul class=\"team-social\"><li><a href=\"#\" target=\"_blank\" rel=\"noopener noreferrer\"><i class=\"fab fa-facebook-f\"><\/i><\/a><\/li><li><a href=\"#\" target=\"_blank\" rel=\"noopener noreferrer\"><i class=\"fab fa-instagram\"><\/i><\/a><\/li><li><a href=\"#\" target=\"_blank\" rel=\"noopener noreferrer\"><i class=\"fab fa-x-twitter\"><\/i><\/a><\/li><li><a href=\"#\" target=\"_blank\" rel=\"noopener noreferrer\"><i class=\"fab fa-vk\"><\/i><\/a><\/li><\/ul><\/div>[\/vc_column][vc_column width=&#8221;1\/2&#8243;]<div class=\"team-box\"><div class=\"team-photo\"><div class=\"overlay\"><\/div><img decoding=\"async\" src=\"https:\/\/inov4sports.com\/pt\/wp-content\/uploads\/2025\/04\/01-2b-1-604x400.jpg\" alt=\"Estrutura de alta durabilidade, pensada para durar\" class=\"respimg\"><a href=\"mailto:admin@yourdomain.com\" class=\"team-contact_btn color-bg\"><i class=\"fal fa-envelope\"><\/i><\/a><\/div><div class=\"team-info\"><h3><a href=\"#\">Estrutura de alta durabilidade, pensada para durar<\/a><\/h3><h4>15 anos de garantia contra corros\u00e3o \u2014 confian\u00e7a em cada detalhe<\/h4><p>A estrutura do Urban Basket Park \u00e9 constru\u00edda em alum\u00ednio com tratamento anticorros\u00e3o e uma base s\u00f3lida com pavimento de \u00faltima gera\u00e7\u00e3o. Com 15 anos de garantia anticorros\u00e3o na estrutura de alum\u00ednio, \u00e9 um investimento seguro, resistente a todas as condi\u00e7\u00f5es atmosf\u00e9ricas e ideal para espa\u00e7os urbanos de alta utiliza\u00e7\u00e3o  <\/p><\/div><ul class=\"team-social\"><li><a href=\"#\" target=\"_blank\" rel=\"noopener noreferrer\"><i class=\"fab fa-facebook-f\"><\/i><\/a><\/li><li><a href=\"#\" target=\"_blank\" rel=\"noopener noreferrer\"><i class=\"fab fa-instagram\"><\/i><\/a><\/li><li><a href=\"#\" target=\"_blank\" rel=\"noopener noreferrer\"><i class=\"fab fa-x-twitter\"><\/i><\/a><\/li><li><a href=\"#\" target=\"_blank\" rel=\"noopener noreferrer\"><i class=\"fab fa-vk\"><\/i><\/a><\/li><\/ul><\/div><div class=\"team-box\"><div class=\"team-photo\"><div class=\"overlay\"><\/div><img decoding=\"async\" src=\"https:\/\/inov4sports.com\/pt\/wp-content\/uploads\/2025\/04\/03-2b-1-604x400.jpg\" alt=\"Tecnologia, ilumina\u00e7\u00e3o e impacto urbano\" class=\"respimg\"><a href=\"mailto:admin@yourdomain.com\" class=\"team-contact_btn color-bg\"><i class=\"fal fa-envelope\"><\/i><\/a><\/div><div class=\"team-info\"><h3><a href=\"#\">Tecnologia, ilumina\u00e7\u00e3o e impacto urbano<\/a><\/h3><h4>Muito mais do que um campo \u2014 \u00e9 um ponto de atra\u00e7\u00e3o da cidade<\/h4><p>Cada Urban Basket Park inclui pavimento com sistema de amortecimento desenvolvido e patenteado pela Inov4Sports, ilumina\u00e7\u00e3o LED funcional e elementos visuais decorativos que o transformam num verdadeiro \u00edcone urbano. Seja de dia ou de noite, destaca-se no espa\u00e7o p\u00fablico e convida \u00e0 pr\u00e1tica desportiva, \u00e0 conviv\u00eancia e ao movimento  <\/p><\/div><ul class=\"team-social\"><li><a href=\"#\" target=\"_blank\" rel=\"noopener noreferrer\"><i class=\"fab fa-facebook-f\"><\/i><\/a><\/li><li><a href=\"#\" target=\"_blank\" rel=\"noopener noreferrer\"><i class=\"fab fa-instagram\"><\/i><\/a><\/li><li><a href=\"#\" target=\"_blank\" rel=\"noopener noreferrer\"><i class=\"fab fa-x-twitter\"><\/i><\/a><\/li><li><a href=\"#\" target=\"_blank\" rel=\"noopener noreferrer\"><i class=\"fab fa-vk\"><\/i><\/a><\/li><\/ul><\/div>[\/vc_column][\/vc_row]\n<\/div>","protected":false},"excerpt":{"rendered":"<p>[vc_row enable_container=&#8221;st2&#8243; sec_padding_top=&#8221;0&#8243; sec_padding_bottom=&#8221;0&#8243; enabletitle=&#8221;st2&#8243; nastik_sec_title=&#8221;Urban Basket Park \u2014 Onde o Basquetebol Encontra a Cidade&#8221; nastik_sec_number=&#8221;01&#8243; nastik_sec_dectiption=&#8221;O Urban Basket Park nasce da vontade de trazer o basquetebol para o espa\u00e7o p\u00fablico com condi\u00e7\u00f5es ideais de pr\u00e1tica e um forte impacto visual. Desenvolvido pela Inov4sports com base na estrutura inovadora dos Ping Pong Parks, este conceito..<\/p>\n","protected":false},"author":1,"featured_media":12224,"parent":12142,"menu_order":0,"comment_status":"closed","ping_status":"closed","template":"","meta":{"_eb_attr":"","_monsterinsights_skip_tracking":false,"_monsterinsights_sitenote_active":false,"_monsterinsights_sitenote_note":"","_monsterinsights_sitenote_category":0,"footnotes":""},"class_list":["post-12229","page","type-page","status-publish","has-post-thumbnail","hentry"],"_links":{"self":[{"href":"https:\/\/inov4sports.com\/pt\/wp-json\/wp\/v2\/pages\/12229","targetHints":{"allow":["GET"]}}],"collection":[{"href":"https:\/\/inov4sports.com\/pt\/wp-json\/wp\/v2\/pages"}],"about":[{"href":"https:\/\/inov4sports.com\/pt\/wp-json\/wp\/v2\/types\/page"}],"author":[{"embeddable":true,"href":"https:\/\/inov4sports.com\/pt\/wp-json\/wp\/v2\/users\/1"}],"replies":[{"embeddable":true,"href":"https:\/\/inov4sports.com\/pt\/wp-json\/wp\/v2\/comments?post=12229"}],"version-history":[{"count":5,"href":"https:\/\/inov4sports.com\/pt\/wp-json\/wp\/v2\/pages\/12229\/revisions"}],"predecessor-version":[{"id":12535,"href":"https:\/\/inov4sports.com\/pt\/wp-json\/wp\/v2\/pages\/12229\/revisions\/12535"}],"up":[{"embeddable":true,"href":"https:\/\/inov4sports.com\/pt\/wp-json\/wp\/v2\/pages\/12142"}],"wp:featuredmedia":[{"embeddable":true,"href":"https:\/\/inov4sports.com\/pt\/wp-json\/wp\/v2\/media\/12224"}],"wp:attachment":[{"href":"https:\/\/inov4sports.com\/pt\/wp-json\/wp\/v2\/media?parent=12229"}],"curies":[{"name":"wp","href":"https:\/\/api.w.org\/{rel}","templated":true}]}}