{"id":12045,"date":"2019-10-20T18:47:26","date_gmt":"2019-10-20T18:47:26","guid":{"rendered":"http:\/\/nastik.webredox.net\/index.php\/parallax-image-copy\/"},"modified":"2025-11-18T13:06:49","modified_gmt":"2025-11-18T13:06:49","slug":"inicio-inov4sports","status":"publish","type":"page","link":"https:\/\/inov4sports.com\/pt\/","title":{"rendered":"inicio"},"content":{"rendered":"<div class=\"wpb-content-wrapper\">[vc_row scrollrow=&#8221;st2&#8243; scroll_id=&#8221;quemsomos&#8221; enable_top_box=&#8221;st2&#8243; enabletitle=&#8221;st2&#8243; nastik_sec_title=&#8221;Quem Somos&#8221; nastik_sec_number=&#8221;01&#8243; enableseparator=&#8221;st2&#8243; secpadding=&#8221;&#8221; theside_sec_title=&#8221;About me&#8221; theside_sec_number=&#8221;01&#8243; theside_sec_dectiption=&#8221;LOREM IPSUM DOLOR SIT AMET, CONSECTETUR ADIPISCING ELIT. MAECENAS IN PULVINAR NEQUE. NULLA FINIBUS LOBORTIS PULVINAR.&#8221;][vc_column width=&#8221;5\/12&#8243;]<div class=\"dec-img  fl-wrap\"><img decoding=\"async\" src=\"https:\/\/inov4sports.com\/pt\/wp-content\/uploads\/2025\/03\/481507693_18486940795060164_6833364459600588704_n.jpg\" class=\"respimg\" alt=\"481507693_18486940795060164_6833364459600588704_n\"><\/div>[\/vc_column][vc_column width=&#8221;7\/12&#8243;][wr_vc_textblock small_title=&#8221;Inova\u00e7\u00e3o,Diferencia\u00e7\u00e3o e Paix\u00e3o&#8221; big_title=&#8221;Paix\u00e3o pelo desporto,`{`span`}` excel\u00eancia nacional `{`\/span`}` e impacto global&#8221; button_text=&#8221;Portfolio&#8221; button_url=&#8221;htthttps:\/\/inov4sports.com\/pt\/portfolio\/galeria\/&#8221;]<span style=\"color: #8b682a;\">A Inov4sports \u00e9 uma empresa portuguesa dedicada \u00e0 inova\u00e7\u00e3o tecnol\u00f3gica no setor desportivo. Combinando paix\u00e3o pelo desporto e know-how t\u00e9cnico, desenvolvemos e fabricamos equipamentos e solu\u00e7\u00f5es de alta performance 100% nacionais. O nosso compromisso com a qualidade e a inova\u00e7\u00e3o levou-nos a ser reconhecidos como parceiros de refer\u00eancia por entidades como a FIFA e a UEFA. Orgulhamo-nos de levar o talento e a engenharia portuguesa aos palcos mais exigentes do mundo do desporto.<\/span><\/p>\n<ul>\n<li><span style=\"color: #8b682a;\">Inova\u00e7\u00e3o tecnol\u00f3gica aplicada ao desporto<\/span><\/li>\n<li><span style=\"color: #8b682a;\">Produ\u00e7\u00e3o e desenvolvimento 100% nacional<\/span><\/li>\n<li><span style=\"color: #8b682a;\">Escolhidos por FIFA e UEFA sendo a refer\u00eancia em qualidade e inova\u00e7\u00e3o<\/span><\/li>\n<li><span style=\"color: #8b682a;\">Paix\u00e3o e compromisso com o desporto em todas as etapas do processo<\/span><\/li>\n<\/ul>\n[\/wr_vc_textblock][\/vc_column][\/vc_row][vc_row row_type=&#8221;sec2&#8243;][vc_column][wr_vc_counters class=&#8221;optional_counter&#8221;][wr_vc_counter datatitle=&#8221;Projetos&#8221; datanumber=&#8221;1045&#8243;][wr_vc_counter datatitle=&#8221;% Clientes satisfeitos&#8221; datanumber=&#8221;100&#8243;][wr_vc_counter datatitle=&#8221;Horas de trabalho&#8221; datanumber=&#8221;5237&#8243;][\/wr_vc_counters][\/vc_column][\/vc_row][vc_row scrollrow=&#8221;st2&#8243; scroll_id=&#8221;missao&#8221; enable_top_box=&#8221;st2&#8243; enabletitle=&#8221;st2&#8243; nastik_sec_title=&#8221;Miss\u00e3o&#8221; nastik_sec_number=&#8221;01&#8243; enableseparator=&#8221;st2&#8243; secpadding=&#8221;&#8221; theside_sec_title=&#8221;About me&#8221; theside_sec_number=&#8221;01&#8243; theside_sec_dectiption=&#8221;LOREM IPSUM DOLOR SIT AMET, CONSECTETUR ADIPISCING ELIT. MAECENAS IN PULVINAR NEQUE. NULLA FINIBUS LOBORTIS PULVINAR.&#8221;][vc_column width=&#8221;7\/12&#8243;][wr_vc_textblock small_title=&#8221;Movidos pela paix\u00e3o e inova\u00e7\u00e3o no desporto!&#8221; big_title=&#8221;Levar a inova\u00e7\u00e3o`{`span`}` Portuguesa ao topo `{`\/span`}` do desporto mundial&#8221; button_text=&#8221;Portfolio&#8221; button_url=&#8221;htthttps:\/\/inov4sports.com\/pt\/portfolio\/galeria\/&#8221;]\n<h2 class=\"\" data-start=\"232\" data-end=\"250\">\ud83c\udfc5 <strong data-start=\"238\" data-end=\"248\">Miss\u00e3o<\/strong><\/h2>\n<p class=\"\" data-start=\"251\" data-end=\"610\">Na Inov4sports, desenvolvemos solu\u00e7\u00f5es tecnol\u00f3gicas que elevam o rendimento de atletas e equipas, com paix\u00e3o, excel\u00eancia e um compromisso inabal\u00e1vel com a qualidade. Todos os nossos produtos s\u00e3o concebidos e fabricados em Portugal, refletindo o talento e a engenharia nacional ao mais alto n\u00edvel.<\/p>\n[\/wr_vc_textblock][\/vc_column][vc_column width=&#8221;5\/12&#8243;]<div class=\"dec-img  fl-wrap\"><img decoding=\"async\" src=\"https:\/\/inov4sports.com\/pt\/wp-content\/uploads\/2022\/03\/guarda-redes-website-2.png\" class=\"respimg\" alt=\"guarda-redes-website-2\"><\/div>[\/vc_column][\/vc_row][vc_row][vc_column]<div class=\"dec-img  fl-wrap\"><img decoding=\"async\" src=\"https:\/\/inov4sports.com\/pt\/wp-content\/uploads\/2024\/08\/Image-2024-05-07-at-06.49.png\" class=\"respimg\" alt=\"Image 2024-05-07 at 06.49\"><\/div>[\/vc_column][\/vc_row][vc_row scrollrow=&#8221;st2&#8243; scroll_id=&#8221;visao&#8221; enable_top_box=&#8221;st2&#8243; enabletitle=&#8221;st2&#8243; nastik_sec_title=&#8221;Vis\u00e3o&#8221; nastik_sec_number=&#8221;01&#8243; enableseparator=&#8221;st2&#8243; secpadding=&#8221;&#8221; theside_sec_title=&#8221;About me&#8221; theside_sec_number=&#8221;01&#8243; theside_sec_dectiption=&#8221;LOREM IPSUM DOLOR SIT AMET, CONSECTETUR ADIPISCING ELIT. MAECENAS IN PULVINAR NEQUE. NULLA FINIBUS LOBORTIS PULVINAR.&#8221;][vc_column width=&#8221;7\/12&#8243;][wr_vc_textblock small_title=&#8221;Transformar o desporto atrav\u00e9s da Inova\u00e7\u00e3o&#8221; big_title=&#8221;Ser a`{`span`}` refer\u00eancia global em inova\u00e7\u00e3o`{`\/span`}` do desporto mundial&#8221; button_text=&#8221;Portfolio&#8221; button_url=&#8221;htthttps:\/\/inov4sports.com\/pt\/portfolio\/galeria\/&#8221;]\n<h2 class=\"\" data-start=\"617\" data-end=\"634\">\ud83c\udf0d <strong data-start=\"623\" data-end=\"632\">Vis\u00e3o<\/strong><\/h2>\n<p class=\"\" data-start=\"635\" data-end=\"967\">Ambicionamos transformar o desporto atrav\u00e9s da tecnologia, mantendo as nossas ra\u00edzes portuguesas e respondendo aos desafios da alta competi\u00e7\u00e3o. A nossa vis\u00e3o \u00e9 clara: levar o nome de Portugal ainda mais longe, com produtos escolhidos pelas maiores entidades do desporto mundial.<\/p>\n[\/wr_vc_textblock][\/vc_column][vc_column width=&#8221;5\/12&#8243;]<div class=\"dec-img  fl-wrap\"><img decoding=\"async\" src=\"https:\/\/inov4sports.com\/pt\/wp-content\/uploads\/2022\/08\/BASKET-JOGADOR-1.png\" class=\"respimg\" alt=\"BASKET-JOGADOR-1\"><\/div>[\/vc_column][\/vc_row][vc_row row_type=&#8221;sec2&#8243; enable_corner_effect=&#8221;st2&#8243;][vc_column][vc_row_inner][vc_column_inner width=&#8221;1\/2&#8243;]<div class=\"video-box dec-img fl-wrap\"><img decoding=\"async\" src=\"https:\/\/inov4sports.com\/pt\/wp-content\/uploads\/2021\/10\/Optimized-BO2P3038.jpeg\" class=\"respimg\" alt=\"Pavimento desportivo de madeira &#8211; Inov4Sports\"><a class=\"video-box-btn image-popup\" href=\"https:\/\/youtu.be\/nTec8k1_We8\"><i class=\"fas fa-play\" aria-hidden=\"true\"><\/i><\/a><\/div>[\/vc_column_inner][vc_column_inner width=&#8221;1\/2&#8243;][wr_vc_video_promo big_title=&#8221;V\u00eddeo Inov4Sports&#8221; button_text=&#8221;Mais videos&#8221; button_url=&#8221;https:\/\/www.youtube.com\/channel\/UC10u225eYjdaF4Vu0Luej3g&#8221; button_target=&#8221;_blank&#8221;]Veja algumas imagens que ilustram os nossos trabalhos e solu\u00e7\u00f5es em prol do desporto. Fique a conhecer mais um pouco da nossa empresa![\/wr_vc_video_promo][\/vc_column_inner][\/vc_row_inner][\/vc_column][\/vc_row][vc_row][vc_column]<div class=\"dec-img  fl-wrap\"><img decoding=\"async\" src=\"https:\/\/inov4sports.com\/pt\/wp-content\/uploads\/2021\/09\/ringue-sv-3.png\" class=\"respimg\" alt=\"ringue-sv-3.png\"><\/div>[\/vc_column][\/vc_row][vc_row scrollrow=&#8221;st2&#8243; scroll_id=&#8221;produtos&#8221; enable_top_box=&#8221;st2&#8243; enabletitle=&#8221;st2&#8243; nastik_sec_title=&#8221;Produtos&#8221; nastik_sec_number=&#8221;01&#8243; enableseparator=&#8221;st2&#8243; secpadding=&#8221;&#8221; theside_sec_title=&#8221;About me&#8221; theside_sec_number=&#8221;01&#8243; theside_sec_dectiption=&#8221;LOREM IPSUM DOLOR SIT AMET, CONSECTETUR ADIPISCING ELIT. MAECENAS IN PULVINAR NEQUE. NULLA FINIBUS LOBORTIS PULVINAR.&#8221;][vc_column width=&#8221;5\/12&#8243;]<div class=\"dec-img  fl-wrap\"><img decoding=\"async\" src=\"https:\/\/inov4sports.com\/pt\/wp-content\/uploads\/2022\/03\/indoor-player-2.png\" class=\"respimg\" alt=\"indoor-player-2\"><\/div>[\/vc_column][vc_column width=&#8221;7\/12&#8243;][wr_vc_textblock small_title=&#8221;Produtos desenvolvidos para acrescentar valor ao seu espa\u00e7o&#8221; big_title=&#8221;Performance,`{`span`}` Inova\u00e7\u00e3o de excel\u00eancia,`{`\/span`}` Precis\u00e3o&#8221; button_text=&#8221;Portfolio&#8221; button_url=&#8221;htthttps:\/\/inov4sports.com\/pt\/portfolio\/galeria\/&#8221;]\n<h2 class=\"\" data-start=\"128\" data-end=\"148\">\u2699\ufe0f <strong data-start=\"134\" data-end=\"146\">Produtos<\/strong><\/h2>\n<p class=\"\" data-start=\"187\" data-end=\"456\">A Inov4sports desenvolve solu\u00e7\u00f5es desportivas completas que elevam a qualidade do jogo, da pr\u00e1tica ao espet\u00e1culo. Com fabrico 100% nacional, tecnologia de ponta e reconhecimento internacional, criamos espa\u00e7os e equipamentos \u00e0 medida das exig\u00eancias modernas do desporto.<\/p>\n<p class=\"\" data-start=\"458\" data-end=\"489\"><strong data-start=\"458\" data-end=\"489\">As nossas solu\u00e7\u00f5es incluem:<\/strong><\/p>\n<p class=\"\" data-start=\"491\" data-end=\"634\">\ud83e\uddf1 <strong data-start=\"494\" data-end=\"528\">Pavimentos Modulares e In Situ<\/strong> \u2014 Pavimentos desportivos de alta performance para interior e exterior, utilizados nas melhores e mais exigentes competi\u00e7\u00f5es<\/p>\n<p class=\"\" data-start=\"636\" data-end=\"733\">\ud83c\udfdf\ufe0f <strong data-start=\"640\" data-end=\"655\">Wall4Sports<\/strong> \u2014 A familia de valor acrescentado do Multidesportivo compacto e urbano com mais de 30 modalidades num s\u00f3 espa\u00e7o.<\/p>\n<p class=\"\" data-start=\"735\" data-end=\"841\">\ud83c\udfe0 <strong data-start=\"738\" data-end=\"754\">Super Courts<\/strong> \u2014 Estruturas cobertas para pr\u00e1tica desportiva todo o ano, com solu\u00e7\u00f5es \u201cchave na m\u00e3o\u201d.<\/p>\n<p class=\"\" data-start=\"843\" data-end=\"961\">\u23f1\ufe0f <strong data-start=\"846\" data-end=\"872\">Marcadores Eletr\u00f3nicos<\/strong> \u2014 Sistemas de tempo e pontua\u00e7\u00e3o de alta visibilidade e precis\u00e3o para v\u00e1rias modalidades, interactivos e da ultima gera\u00e7\u00e3o LED<\/p>\n[\/wr_vc_textblock][\/vc_column][\/vc_row][vc_row][vc_column]<div class=\"dec-img  fl-wrap\"><img decoding=\"async\" src=\"https:\/\/inov4sports.com\/pt\/wp-content\/uploads\/2025\/04\/476918131_18127160725408096_8361052810109794657_n.jpg\" class=\"respimg\" alt=\"476918131_18127160725408096_8361052810109794657_n\"><\/div>[\/vc_column][\/vc_row][vc_row scrollrow=&#8221;st2&#8243; scroll_id=&#8221;testemunhos&#8221; enable_bottom_box=&#8221;st2&#8243; enabletitle=&#8221;st2&#8243; nastik_sec_title=&#8221;Testemunhos&#8221; nastik_sec_number=&#8221;05&#8243; nastik_sec_dectiption=&#8221;Veja aqui os testemunhos dos melhores protagonistas de Futsal!&#8221; enableseparator=&#8221;st2&#8243;][vc_column][wr_vc_testimonials][wr_vc_testimonial testimonial_number=&#8221;01&#8243; clientname=&#8221;Jo\u00e3o Matos&#8221; image=&#8221;12093&#8243;]Agora temos o luxo, o privil\u00e9gio de ter este piso para n\u00f3s para a nossa liga e para as nossas competi\u00e7\u00f5es e as competi\u00e7\u00f5es da sele\u00e7\u00e3o. \u00c9 um pavimento que a bola desliza melhor a ader\u00eancia \u00e9 totalmente diferente.[\/wr_vc_testimonial][wr_vc_testimonial testimonial_number=&#8221;02&#8243; clientname=&#8221;Tiago Brito&#8221; image=&#8221;12101&#8243;]S\u00e3o as melhores caracteristicas, em termos de treino e competi\u00e7\u00e3o e este pavimento n\u00e3o \u00e9 propicio a les\u00f5es, apenas marca\u00e7\u00f5es de Futsal&#8230;[\/wr_vc_testimonial][wr_vc_testimonial testimonial_number=&#8221;03&#8243; clientname=&#8221;Ricardinho&#8221; image=&#8221;12098&#8243;]A diferen\u00e7a de todos os outros andares \u00e9 abismal. Voc\u00ea conseguiu unir caracter\u00edsticas que n\u00e3o s\u00e3o usuais de combinar.[\/wr_vc_testimonial][wr_vc_testimonial testimonial_number=&#8221;04&#8243; clientname=&#8221;Robinho&#8221; image=&#8221;12100&#8243;]N\u00f3s atletas queremos ter um ambiente adequado para jogar e existem sempre quest\u00f5es de les\u00f5es e a primeira coisa que olhamos \u00e9 para o piso. E hoje em dia \u00e9 o piso mais adequado e mais usado na FIFA e na UEFA .[\/wr_vc_testimonial][\/wr_vc_testimonials][\/vc_column][\/vc_row]\n<\/div>","protected":false},"excerpt":{"rendered":"<p>[vc_row scrollrow=&#8221;st2&#8243; scroll_id=&#8221;quemsomos&#8221; enable_top_box=&#8221;st2&#8243; enabletitle=&#8221;st2&#8243; nastik_sec_title=&#8221;Quem Somos&#8221; nastik_sec_number=&#8221;01&#8243; enableseparator=&#8221;st2&#8243; secpadding=&#8221;&#8221; theside_sec_title=&#8221;About me&#8221; theside_sec_number=&#8221;01&#8243; theside_sec_dectiption=&#8221;LOREM IPSUM DOLOR SIT AMET, CONSECTETUR ADIPISCING ELIT. MAECENAS IN PULVINAR NEQUE. NULLA FINIBUS LOBORTIS PULVINAR.&#8221;][vc_column width=&#8221;5\/12&#8243;][\/vc_column][vc_column width=&#8221;7\/12&#8243;][wr_vc_textblock small_title=&#8221;Inova\u00e7\u00e3o,Diferencia\u00e7\u00e3o e Paix\u00e3o&#8221; big_title=&#8221;Paix\u00e3o pelo desporto,`{`span`}` excel\u00eancia nacional `{`\/span`}` e impacto global&#8221; button_text=&#8221;Portfolio&#8221; button_url=&#8221;htthttps:\/\/inov4sports.com\/pt\/portfolio\/galeria\/&#8221;]A Inov4sports \u00e9 uma empresa portuguesa dedicada \u00e0 inova\u00e7\u00e3o tecnol\u00f3gica no..<\/p>\n","protected":false},"author":1,"featured_media":12061,"parent":0,"menu_order":0,"comment_status":"closed","ping_status":"closed","template":"one-page.php","meta":{"_eb_attr":"","_monsterinsights_skip_tracking":false,"_monsterinsights_sitenote_active":false,"_monsterinsights_sitenote_note":"","_monsterinsights_sitenote_category":0,"footnotes":""},"class_list":["post-12045","page","type-page","status-publish","has-post-thumbnail","hentry"],"_links":{"self":[{"href":"https:\/\/inov4sports.com\/pt\/wp-json\/wp\/v2\/pages\/12045","targetHints":{"allow":["GET"]}}],"collection":[{"href":"https:\/\/inov4sports.com\/pt\/wp-json\/wp\/v2\/pages"}],"about":[{"href":"https:\/\/inov4sports.com\/pt\/wp-json\/wp\/v2\/types\/page"}],"author":[{"embeddable":true,"href":"https:\/\/inov4sports.com\/pt\/wp-json\/wp\/v2\/users\/1"}],"replies":[{"embeddable":true,"href":"https:\/\/inov4sports.com\/pt\/wp-json\/wp\/v2\/comments?post=12045"}],"version-history":[{"count":52,"href":"https:\/\/inov4sports.com\/pt\/wp-json\/wp\/v2\/pages\/12045\/revisions"}],"predecessor-version":[{"id":12677,"href":"https:\/\/inov4sports.com\/pt\/wp-json\/wp\/v2\/pages\/12045\/revisions\/12677"}],"wp:featuredmedia":[{"embeddable":true,"href":"https:\/\/inov4sports.com\/pt\/wp-json\/wp\/v2\/media\/12061"}],"wp:attachment":[{"href":"https:\/\/inov4sports.com\/pt\/wp-json\/wp\/v2\/media?parent=12045"}],"curies":[{"name":"wp","href":"https:\/\/api.w.org\/{rel}","templated":true}]}}